{"id":992057,"date":"2023-04-17T17:15:46","date_gmt":"2023-04-17T16:15:46","guid":{"rendered":"https:\/\/kekajto.dev.appsters.me\/?post_type=product&#038;p=992057"},"modified":"2025-05-07T15:38:10","modified_gmt":"2025-05-07T14:38:10","slug":"szinjatek-koroshegyi-olaszrizling-narancsbor-2020","status":"publish","type":"product","link":"https:\/\/kekajto.dev.appsters.me\/en\/product\/szinjatek-koroshegyi-olaszrizling-narancsbor-2020\/","title":{"rendered":"&#8220;Sz\u00ednj\u00e1t\u00e9k&#8221; K\u0151r\u00f6shegyi Olaszrizling Narancsbor 2020"},"content":{"rendered":"<div class=\"vgblk-rw-wrapper limit-wrapper\"><img fetchpriority=\"high\" decoding=\"async\" class=\"alignnone size-medium wp-image-992242\" src=\"https:\/\/kekajto.dev.appsters.me\/wp-content\/uploads\/2023\/04\/241007-DF-Kekajto-Szinjatek-512x768.png\" alt=\"\" width=\"512\" height=\"768\" srcset=\"https:\/\/kekajto.dev.appsters.me\/wp-content\/uploads\/2023\/04\/241007-DF-Kekajto-Szinjatek-512x768.png 512w, https:\/\/kekajto.dev.appsters.me\/wp-content\/uploads\/2023\/04\/241007-DF-Kekajto-Szinjatek-683x1024.png 683w, https:\/\/kekajto.dev.appsters.me\/wp-content\/uploads\/2023\/04\/241007-DF-Kekajto-Szinjatek-768x1152.png 768w, https:\/\/kekajto.dev.appsters.me\/wp-content\/uploads\/2023\/04\/241007-DF-Kekajto-Szinjatek-8x12.png 8w, https:\/\/kekajto.dev.appsters.me\/wp-content\/uploads\/2023\/04\/241007-DF-Kekajto-Szinjatek-448x672.png 448w, https:\/\/kekajto.dev.appsters.me\/wp-content\/uploads\/2023\/04\/241007-DF-Kekajto-Szinjatek-224x336.png 224w, https:\/\/kekajto.dev.appsters.me\/wp-content\/uploads\/2023\/04\/241007-DF-Kekajto-Szinjatek-560x840.png 560w, https:\/\/kekajto.dev.appsters.me\/wp-content\/uploads\/2023\/04\/241007-DF-Kekajto-Szinjatek-300x450.png 300w, https:\/\/kekajto.dev.appsters.me\/wp-content\/uploads\/2023\/04\/241007-DF-Kekajto-Szinjatek.png 900w\" sizes=\"(max-width: 512px) 100vw, 512px\" \/><\/div>\n<p><!-- .vgblk-rw-wrapper --><\/p>","protected":false},"excerpt":{"rendered":"<div>Nyitott k\u00e1dban, spont\u00e1n erjedt, k\u00edm\u00e9letes cs\u00f6m\u00f6sz\u00f6l\u00e9s \u00e9s 30 nap h\u00e9jon \u00e1ztat\u00e1s ut\u00e1n egy \u00e9vig tart\u00e1lyban, majd egy \u00e9vig palackban \u00e9rett. Minim\u00e1lis k\u00e9n hozz\u00e1ad\u00e1s\u00e1val, sz\u0171retlen\u00fcl, der\u00edtetlen\u00fcl, sepr\u0151vel egy\u00fctt palackoztuk. \u00cdz\u00e9ben \u00e9s illat\u00e1ban egyar\u00e1nt megjelenik az alma, almakomp\u00f3t, tea \u00e9s a gy\u00f3gyn\u00f6v\u00e9nyek, a korty lecseng\u00e9se grapefruitos.<\/div>","protected":false},"featured_media":992242,"template":"","meta":{"_acf_changed":false},"product_brand":[],"product_cat":[116,78,114],"product_tag":[],"class_list":{"0":"post-992057","1":"product","2":"type-product","3":"status-publish","4":"has-post-thumbnail","6":"product_cat-feherbor","7":"product_cat-olaszrizling","8":"product_cat-narancsbor","10":"first","11":"instock","12":"taxable","13":"shipping-taxable","14":"purchasable","15":"product-type-simple"},"acf":[],"tiered_pricing_type":"fixed","tiered_pricing_fixed_rules":{"12":"5244"},"tiered_pricing_product_settings":{"layout":"default","base_unit_name":{"singular":null,"plural":null},"default_variation":null},"tiered_pricing_minimum_quantity":null,"tiered_pricing_roles_data":[],"tiered_pricing_percentage_rules":[],"_links":{"self":[{"href":"https:\/\/kekajto.dev.appsters.me\/en\/wp-json\/wp\/v2\/product\/992057","targetHints":{"allow":["GET"]}}],"collection":[{"href":"https:\/\/kekajto.dev.appsters.me\/en\/wp-json\/wp\/v2\/product"}],"about":[{"href":"https:\/\/kekajto.dev.appsters.me\/en\/wp-json\/wp\/v2\/types\/product"}],"version-history":[{"count":6,"href":"https:\/\/kekajto.dev.appsters.me\/en\/wp-json\/wp\/v2\/product\/992057\/revisions"}],"predecessor-version":[{"id":992244,"href":"https:\/\/kekajto.dev.appsters.me\/en\/wp-json\/wp\/v2\/product\/992057\/revisions\/992244"}],"wp:featuredmedia":[{"embeddable":true,"href":"https:\/\/kekajto.dev.appsters.me\/en\/wp-json\/wp\/v2\/media\/992242"}],"wp:attachment":[{"href":"https:\/\/kekajto.dev.appsters.me\/en\/wp-json\/wp\/v2\/media?parent=992057"}],"wp:term":[{"taxonomy":"product_brand","embeddable":true,"href":"https:\/\/kekajto.dev.appsters.me\/en\/wp-json\/wp\/v2\/product_brand?post=992057"},{"taxonomy":"product_cat","embeddable":true,"href":"https:\/\/kekajto.dev.appsters.me\/en\/wp-json\/wp\/v2\/product_cat?post=992057"},{"taxonomy":"product_tag","embeddable":true,"href":"https:\/\/kekajto.dev.appsters.me\/en\/wp-json\/wp\/v2\/product_tag?post=992057"}],"curies":[{"name":"wp","href":"https:\/\/api.w.org\/{rel}","templated":true}]}}