{"id":992051,"date":"2023-04-17T16:20:27","date_gmt":"2023-04-17T15:20:27","guid":{"rendered":"https:\/\/kekajto.dev.appsters.me\/?post_type=product&#038;p=992051"},"modified":"2025-05-07T15:35:11","modified_gmt":"2025-05-07T14:35:11","slug":"faust-koroshegyi-kekfrankos-2019","status":"publish","type":"product","link":"https:\/\/kekajto.dev.appsters.me\/en\/product\/faust-koroshegyi-kekfrankos-2019\/","title":{"rendered":"&#8220;Faust&#8221; K\u0151r\u00f6shegyi K\u00e9kfrankos 2020"},"content":{"rendered":"<div class=\"vgblk-rw-wrapper limit-wrapper\">Id\u0151sebb \u00fcltetv\u00e9nyr\u0151l sz\u00fcretelt bio alapanyag, mely nyitott k\u00e1das erjeszt\u00e9s \u00e9s k\u00e9zi cs\u00f6m\u00f6sz\u00f6l\u00e9s ut\u00e1n h\u00e1rom \u00e9vig fejl\u0151d\u00f6tt francia hord\u00f3kban, ahonn\u00e9t sz\u0171retlen\u00fcl ker\u00fclt a palackokba. Illat\u00e1ban piros bogy\u00f3s gy\u00fcm\u00f6lcs\u00f6k, \u00e9rett meggy \u00e9s<span class=\"Apple-converted-space\">\u00a0 <\/span>vir\u00e1gos jegyek jelennek meg, k\u00f3stolva k\u00f6zepes test mellett cseresznye, meggy, szegf\u0171szeg, fah\u00e9j, ut\u00f3\u00edz\u00e9ben kand\u00edrozott narancsh\u00e9j.<\/p>\n<p><img fetchpriority=\"high\" decoding=\"async\" class=\"alignnone size-medium wp-image-992023\" src=\"https:\/\/kekajto.dev.appsters.me\/wp-content\/uploads\/2023\/04\/230415-DF-Kekajto-Faust-512x768.jpg\" alt=\"\" width=\"512\" height=\"768\" srcset=\"https:\/\/kekajto.dev.appsters.me\/wp-content\/uploads\/2023\/04\/230415-DF-Kekajto-Faust-512x768.jpg 512w, https:\/\/kekajto.dev.appsters.me\/wp-content\/uploads\/2023\/04\/230415-DF-Kekajto-Faust-683x1024.jpg 683w, https:\/\/kekajto.dev.appsters.me\/wp-content\/uploads\/2023\/04\/230415-DF-Kekajto-Faust-768x1152.jpg 768w, https:\/\/kekajto.dev.appsters.me\/wp-content\/uploads\/2023\/04\/230415-DF-Kekajto-Faust-1024x1536.jpg 1024w, https:\/\/kekajto.dev.appsters.me\/wp-content\/uploads\/2023\/04\/230415-DF-Kekajto-Faust-8x12.jpg 8w, https:\/\/kekajto.dev.appsters.me\/wp-content\/uploads\/2023\/04\/230415-DF-Kekajto-Faust-448x672.jpg 448w, https:\/\/kekajto.dev.appsters.me\/wp-content\/uploads\/2023\/04\/230415-DF-Kekajto-Faust-1120x1680.jpg 1120w, https:\/\/kekajto.dev.appsters.me\/wp-content\/uploads\/2023\/04\/230415-DF-Kekajto-Faust-224x336.jpg 224w, https:\/\/kekajto.dev.appsters.me\/wp-content\/uploads\/2023\/04\/230415-DF-Kekajto-Faust-560x840.jpg 560w, https:\/\/kekajto.dev.appsters.me\/wp-content\/uploads\/2023\/04\/230415-DF-Kekajto-Faust-300x450.jpg 300w, https:\/\/kekajto.dev.appsters.me\/wp-content\/uploads\/2023\/04\/230415-DF-Kekajto-Faust.jpg 1200w\" sizes=\"(max-width: 512px) 100vw, 512px\" \/><\/div>\n<p><!-- .vgblk-rw-wrapper --><\/p>","protected":false},"excerpt":{"rendered":"<p>Id\u0151sebb \u00fcltetv\u00e9nyr\u0151l sz\u00fcretelt bio alapanyag, mely nyitott k\u00e1das erjeszt\u00e9s \u00e9s k\u00e9zi cs\u00f6m\u00f6sz\u00f6l\u00e9s ut\u00e1n h\u00e1rom \u00e9vig fejl\u0151d\u00f6tt francia hord\u00f3kban, ahonn\u00e9t sz\u0171retlen\u00fcl ker\u00fclt a palackokba. Illat\u00e1ban piros bogy\u00f3s gy\u00fcm\u00f6lcs\u00f6k, \u00e9rett meggy \u00e9s\u00a0 vir\u00e1gos jegyek jelennek meg, k\u00f3stolva k\u00f6zepes test mellett cseresznye, meggy, szegf\u0171szeg, fah\u00e9j, ut\u00f3\u00edz\u00e9ben kand\u00edrozott narancsh\u00e9j.<\/p>","protected":false},"featured_media":992024,"template":"","meta":{"_acf_changed":false},"product_brand":[],"product_cat":[115,77],"product_tag":[21,102,106],"class_list":{"0":"post-992051","1":"product","2":"type-product","3":"status-publish","4":"has-post-thumbnail","6":"product_cat-vorosbor","7":"product_cat-kekfrankos","8":"product_tag-21","9":"product_tag-kekfrankos","10":"product_tag-vorosbor","12":"first","13":"instock","14":"taxable","15":"shipping-taxable","16":"purchasable","17":"product-type-simple"},"acf":[],"tiered_pricing_type":"fixed","tiered_pricing_fixed_rules":{"12":"7820"},"tiered_pricing_product_settings":{"layout":"default","base_unit_name":{"singular":null,"plural":null},"default_variation":null},"tiered_pricing_minimum_quantity":null,"tiered_pricing_roles_data":[],"tiered_pricing_percentage_rules":[],"_links":{"self":[{"href":"https:\/\/kekajto.dev.appsters.me\/en\/wp-json\/wp\/v2\/product\/992051","targetHints":{"allow":["GET"]}}],"collection":[{"href":"https:\/\/kekajto.dev.appsters.me\/en\/wp-json\/wp\/v2\/product"}],"about":[{"href":"https:\/\/kekajto.dev.appsters.me\/en\/wp-json\/wp\/v2\/types\/product"}],"version-history":[{"count":4,"href":"https:\/\/kekajto.dev.appsters.me\/en\/wp-json\/wp\/v2\/product\/992051\/revisions"}],"predecessor-version":[{"id":992238,"href":"https:\/\/kekajto.dev.appsters.me\/en\/wp-json\/wp\/v2\/product\/992051\/revisions\/992238"}],"wp:featuredmedia":[{"embeddable":true,"href":"https:\/\/kekajto.dev.appsters.me\/en\/wp-json\/wp\/v2\/media\/992024"}],"wp:attachment":[{"href":"https:\/\/kekajto.dev.appsters.me\/en\/wp-json\/wp\/v2\/media?parent=992051"}],"wp:term":[{"taxonomy":"product_brand","embeddable":true,"href":"https:\/\/kekajto.dev.appsters.me\/en\/wp-json\/wp\/v2\/product_brand?post=992051"},{"taxonomy":"product_cat","embeddable":true,"href":"https:\/\/kekajto.dev.appsters.me\/en\/wp-json\/wp\/v2\/product_cat?post=992051"},{"taxonomy":"product_tag","embeddable":true,"href":"https:\/\/kekajto.dev.appsters.me\/en\/wp-json\/wp\/v2\/product_tag?post=992051"}],"curies":[{"name":"wp","href":"https:\/\/api.w.org\/{rel}","templated":true}]}}