{"id":992040,"date":"2023-11-28T17:32:24","date_gmt":"2023-11-28T16:32:24","guid":{"rendered":"https:\/\/kekajto.dev.appsters.me\/?post_type=product&#038;p=992040"},"modified":"2025-05-07T15:31:51","modified_gmt":"2025-05-07T14:31:51","slug":"koroshegy-koroshegyi-olaszrizling-2020","status":"publish","type":"product","link":"https:\/\/kekajto.dev.appsters.me\/en\/product\/koroshegy-koroshegyi-olaszrizling-2020\/","title":{"rendered":"&#8220;K\u0151r\u00f6shegy&#8221; K\u0151r\u00f6shegyi Olaszrizling 2022"},"content":{"rendered":"<div class=\"vgblk-rw-wrapper limit-wrapper\">R\u00e9gebben a rizling volt K\u0151r\u00f6shegy legnagyobb fel\u00fcleten termesztett sz\u0151l\u0151fajt\u00e1ja vagy tal\u00e1n a rizling volt maga K\u0151r\u00f6shegy&#8230; Spont\u00e1n erjedt \u00e9s ac\u00e9lban iskol\u00e1ztuk, hogy a lehet\u0151 legjobban megmutassa a ter\u00fclet adotts\u00e1gait. \u00c9rett gy\u00fcm\u00f6lcs\u00f6k: k\u00f6rte, birs, kev\u00e9s egres, sz\u00e9p savak, hossz\u00fa korty, \u00e1sv\u00e1nyoss\u00e1g. K\u00e9sz\u00fclt 2664 palack.tts\u00e1gait. \u00c9rett gy\u00fcm\u00f6lcs\u00f6k: k\u00f6rte, birs, kev\u00e9s egres, sz\u00e9p savak, hossz\u00fa korty, \u00e1sv\u00e1nyoss\u00e1g. K\u00e9sz\u00fclt 2664 palack.<img fetchpriority=\"high\" decoding=\"async\" class=\"alignnone size-medium wp-image-992240\" src=\"https:\/\/kekajto.dev.appsters.me\/wp-content\/uploads\/2023\/11\/241007-DF-Kekajto-Koroshegy-512x768.png\" alt=\"\" width=\"512\" height=\"768\" srcset=\"https:\/\/kekajto.dev.appsters.me\/wp-content\/uploads\/2023\/11\/241007-DF-Kekajto-Koroshegy-512x768.png 512w, https:\/\/kekajto.dev.appsters.me\/wp-content\/uploads\/2023\/11\/241007-DF-Kekajto-Koroshegy-683x1024.png 683w, https:\/\/kekajto.dev.appsters.me\/wp-content\/uploads\/2023\/11\/241007-DF-Kekajto-Koroshegy-768x1152.png 768w, https:\/\/kekajto.dev.appsters.me\/wp-content\/uploads\/2023\/11\/241007-DF-Kekajto-Koroshegy-8x12.png 8w, https:\/\/kekajto.dev.appsters.me\/wp-content\/uploads\/2023\/11\/241007-DF-Kekajto-Koroshegy-448x672.png 448w, https:\/\/kekajto.dev.appsters.me\/wp-content\/uploads\/2023\/11\/241007-DF-Kekajto-Koroshegy-224x336.png 224w, https:\/\/kekajto.dev.appsters.me\/wp-content\/uploads\/2023\/11\/241007-DF-Kekajto-Koroshegy-560x840.png 560w, https:\/\/kekajto.dev.appsters.me\/wp-content\/uploads\/2023\/11\/241007-DF-Kekajto-Koroshegy-300x450.png 300w, https:\/\/kekajto.dev.appsters.me\/wp-content\/uploads\/2023\/11\/241007-DF-Kekajto-Koroshegy.png 900w\" sizes=\"(max-width: 512px) 100vw, 512px\" \/><\/div>\n<p><!-- .vgblk-rw-wrapper --><\/p>","protected":false},"excerpt":{"rendered":"<p>R\u00e9gebben a rizling volt K\u0151r\u00f6shegy legnagyobb fel\u00fcleten termesztett sz\u0151l\u0151fajt\u00e1ja vagy tal\u00e1n a rizling volt maga K\u0151r\u00f6shegy&#8230; Spont\u00e1n erjedt \u00e9s ac\u00e9lban iskol\u00e1ztuk, hogy a lehet\u0151 legjobban megmutassa a ter\u00fclet adotts\u00e1gait. \u00c9rett gy\u00fcm\u00f6lcs\u00f6k: k\u00f6rte, birs, kev\u00e9s egres, sz\u00e9p savak, hossz\u00fa korty, \u00e1sv\u00e1nyoss\u00e1g. K\u00e9sz\u00fclt 2664 palack.tts\u00e1gait. \u00c9rett gy\u00fcm\u00f6lcs\u00f6k: k\u00f6rte, birs, kev\u00e9s egres, sz\u00e9p savak, hossz\u00fa korty, \u00e1sv\u00e1nyoss\u00e1g. K\u00e9sz\u00fclt&#8230;<\/p>","protected":false},"featured_media":992240,"template":"","meta":{"_acf_changed":false},"product_brand":[],"product_cat":[116,78],"product_tag":[],"class_list":{"0":"post-992040","1":"product","2":"type-product","3":"status-publish","4":"has-post-thumbnail","6":"product_cat-feherbor","7":"product_cat-olaszrizling","9":"first","10":"instock","11":"taxable","12":"shipping-taxable","13":"purchasable","14":"product-type-simple"},"acf":[],"tiered_pricing_type":"fixed","tiered_pricing_fixed_rules":{"12":"5244"},"tiered_pricing_product_settings":{"layout":"default","base_unit_name":{"singular":null,"plural":null},"default_variation":null},"tiered_pricing_minimum_quantity":null,"tiered_pricing_roles_data":[],"tiered_pricing_percentage_rules":[],"_links":{"self":[{"href":"https:\/\/kekajto.dev.appsters.me\/en\/wp-json\/wp\/v2\/product\/992040","targetHints":{"allow":["GET"]}}],"collection":[{"href":"https:\/\/kekajto.dev.appsters.me\/en\/wp-json\/wp\/v2\/product"}],"about":[{"href":"https:\/\/kekajto.dev.appsters.me\/en\/wp-json\/wp\/v2\/types\/product"}],"version-history":[{"count":9,"href":"https:\/\/kekajto.dev.appsters.me\/en\/wp-json\/wp\/v2\/product\/992040\/revisions"}],"predecessor-version":[{"id":992241,"href":"https:\/\/kekajto.dev.appsters.me\/en\/wp-json\/wp\/v2\/product\/992040\/revisions\/992241"}],"wp:featuredmedia":[{"embeddable":true,"href":"https:\/\/kekajto.dev.appsters.me\/en\/wp-json\/wp\/v2\/media\/992240"}],"wp:attachment":[{"href":"https:\/\/kekajto.dev.appsters.me\/en\/wp-json\/wp\/v2\/media?parent=992040"}],"wp:term":[{"taxonomy":"product_brand","embeddable":true,"href":"https:\/\/kekajto.dev.appsters.me\/en\/wp-json\/wp\/v2\/product_brand?post=992040"},{"taxonomy":"product_cat","embeddable":true,"href":"https:\/\/kekajto.dev.appsters.me\/en\/wp-json\/wp\/v2\/product_cat?post=992040"},{"taxonomy":"product_tag","embeddable":true,"href":"https:\/\/kekajto.dev.appsters.me\/en\/wp-json\/wp\/v2\/product_tag?post=992040"}],"curies":[{"name":"wp","href":"https:\/\/api.w.org\/{rel}","templated":true}]}}