{"id":992037,"date":"2023-04-17T17:20:39","date_gmt":"2023-04-17T16:20:39","guid":{"rendered":"https:\/\/kekajto.dev.appsters.me\/?post_type=product&#038;p=992037"},"modified":"2025-05-07T16:26:49","modified_gmt":"2025-05-07T15:26:49","slug":"gyerekjatek-koroshegyi-olaszrizling-2020","status":"publish","type":"product","link":"https:\/\/kekajto.dev.appsters.me\/en\/product\/gyerekjatek-koroshegyi-olaszrizling-2020\/","title":{"rendered":"&#8220;Gyerekj\u00e1t\u00e9k&#8221; K\u0151r\u00f6shegyi Olaszrizling 2022"},"content":{"rendered":"<div class=\"vgblk-rw-wrapper limit-wrapper\"><img fetchpriority=\"high\" decoding=\"async\" class=\"alignnone size-medium wp-image-992025\" src=\"https:\/\/kekajto.dev.appsters.me\/wp-content\/uploads\/2023\/04\/230415-DF-Kekajto-Gyerekjatek-512x768.jpg\" alt=\"\" width=\"512\" height=\"768\" srcset=\"https:\/\/kekajto.dev.appsters.me\/wp-content\/uploads\/2023\/04\/230415-DF-Kekajto-Gyerekjatek-512x768.jpg 512w, https:\/\/kekajto.dev.appsters.me\/wp-content\/uploads\/2023\/04\/230415-DF-Kekajto-Gyerekjatek-683x1024.jpg 683w, https:\/\/kekajto.dev.appsters.me\/wp-content\/uploads\/2023\/04\/230415-DF-Kekajto-Gyerekjatek-768x1152.jpg 768w, https:\/\/kekajto.dev.appsters.me\/wp-content\/uploads\/2023\/04\/230415-DF-Kekajto-Gyerekjatek-1024x1536.jpg 1024w, https:\/\/kekajto.dev.appsters.me\/wp-content\/uploads\/2023\/04\/230415-DF-Kekajto-Gyerekjatek-8x12.jpg 8w, https:\/\/kekajto.dev.appsters.me\/wp-content\/uploads\/2023\/04\/230415-DF-Kekajto-Gyerekjatek-448x672.jpg 448w, https:\/\/kekajto.dev.appsters.me\/wp-content\/uploads\/2023\/04\/230415-DF-Kekajto-Gyerekjatek-1120x1680.jpg 1120w, https:\/\/kekajto.dev.appsters.me\/wp-content\/uploads\/2023\/04\/230415-DF-Kekajto-Gyerekjatek-224x336.jpg 224w, https:\/\/kekajto.dev.appsters.me\/wp-content\/uploads\/2023\/04\/230415-DF-Kekajto-Gyerekjatek-560x840.jpg 560w, https:\/\/kekajto.dev.appsters.me\/wp-content\/uploads\/2023\/04\/230415-DF-Kekajto-Gyerekjatek-300x450.jpg 300w, https:\/\/kekajto.dev.appsters.me\/wp-content\/uploads\/2023\/04\/230415-DF-Kekajto-Gyerekjatek.jpg 1200w\" sizes=\"(max-width: 512px) 100vw, 512px\" \/><\/div>\n<p><!-- .vgblk-rw-wrapper --><\/p>","protected":false},"excerpt":{"rendered":"<p>Ide\u00e1lis sz\u00fcreti id\u0151pont ut\u00e1n spont\u00e1n, de a h\u0151m\u00e9rs\u00e9kletet kontroll\u00e1lva erjedt, k\u00e9t \u00e9ves a<span style=\"color: #000000;\">c\u00e9ltart\u00e1lyos \u00e9rlel\u00e9s \u00e9s t\u00f6bbsz\u00f6ri fejt\u00e9s ut\u00e1n sz\u0171retlen\u00fcl \u00e9s der\u00edtetlen\u00fcl ker\u00fclt palackba. Illatban \u00e9rett s\u00e1rga alma, vir\u00e1gos \u00e9s m\u00e9zes jegyek. A kortyban alma, citrusok \u00e9s lend\u00fcletes savak. Lecseng\u00e9se grapefruit \u00e9s mandula.<\/span><\/p>","protected":false},"featured_media":992026,"template":"","meta":{"_acf_changed":false},"product_brand":[],"product_cat":[116,78],"product_tag":[90,105,103],"class_list":{"0":"post-992037","1":"product","2":"type-product","3":"status-publish","4":"has-post-thumbnail","6":"product_cat-feherbor","7":"product_cat-olaszrizling","8":"product_tag-90","9":"product_tag-feherbor","10":"product_tag-olaszrizling","12":"first","13":"instock","14":"taxable","15":"shipping-taxable","16":"purchasable","17":"product-type-simple"},"acf":[],"tiered_pricing_type":"fixed","tiered_pricing_fixed_rules":{"12":"3312"},"tiered_pricing_product_settings":{"layout":"default","base_unit_name":{"singular":null,"plural":null},"default_variation":null},"tiered_pricing_minimum_quantity":null,"tiered_pricing_roles_data":[],"tiered_pricing_percentage_rules":[],"_links":{"self":[{"href":"https:\/\/kekajto.dev.appsters.me\/en\/wp-json\/wp\/v2\/product\/992037","targetHints":{"allow":["GET"]}}],"collection":[{"href":"https:\/\/kekajto.dev.appsters.me\/en\/wp-json\/wp\/v2\/product"}],"about":[{"href":"https:\/\/kekajto.dev.appsters.me\/en\/wp-json\/wp\/v2\/types\/product"}],"version-history":[{"count":9,"href":"https:\/\/kekajto.dev.appsters.me\/en\/wp-json\/wp\/v2\/product\/992037\/revisions"}],"predecessor-version":[{"id":992237,"href":"https:\/\/kekajto.dev.appsters.me\/en\/wp-json\/wp\/v2\/product\/992037\/revisions\/992237"}],"wp:featuredmedia":[{"embeddable":true,"href":"https:\/\/kekajto.dev.appsters.me\/en\/wp-json\/wp\/v2\/media\/992026"}],"wp:attachment":[{"href":"https:\/\/kekajto.dev.appsters.me\/en\/wp-json\/wp\/v2\/media?parent=992037"}],"wp:term":[{"taxonomy":"product_brand","embeddable":true,"href":"https:\/\/kekajto.dev.appsters.me\/en\/wp-json\/wp\/v2\/product_brand?post=992037"},{"taxonomy":"product_cat","embeddable":true,"href":"https:\/\/kekajto.dev.appsters.me\/en\/wp-json\/wp\/v2\/product_cat?post=992037"},{"taxonomy":"product_tag","embeddable":true,"href":"https:\/\/kekajto.dev.appsters.me\/en\/wp-json\/wp\/v2\/product_tag?post=992037"}],"curies":[{"name":"wp","href":"https:\/\/api.w.org\/{rel}","templated":true}]}}