{"id":990837,"date":"2021-06-30T14:39:37","date_gmt":"2021-06-30T14:39:37","guid":{"rendered":"https:\/\/kekajto.dev.appsters.me\/?page_id=990837"},"modified":"2021-08-06T13:14:39","modified_gmt":"2021-08-06T13:14:39","slug":"loginregisterpage","status":"publish","type":"page","link":"https:\/\/kekajto.dev.appsters.me\/en\/loginregisterpage\/","title":{"rendered":"LoginRegisterPage"},"content":{"rendered":"<div data-elementor-type=\"wp-page\" data-elementor-id=\"990837\" class=\"elementor elementor-990837\" data-elementor-post-type=\"page\">\n\t\t\t\t\t\t<section class=\"elementor-section elementor-top-section elementor-element elementor-element-0fc02a4 elementor-section-boxed elementor-section-height-default elementor-section-height-default\" data-id=\"0fc02a4\" data-element_type=\"section\">\n\t\t\t\t\t\t<div class=\"elementor-container elementor-column-gap-default\">\n\t\t\t\t\t<div class=\"elementor-column elementor-col-100 elementor-top-column elementor-element elementor-element-2ad2117\" data-id=\"2ad2117\" data-element_type=\"column\">\n\t\t\t<div class=\"elementor-widget-wrap elementor-element-populated\">\n\t\t\t\t\t\t<div class=\"elementor-element elementor-element-3f1ce43 elementor-align-center elementor-widget elementor-widget-button\" data-id=\"3f1ce43\" data-element_type=\"widget\" data-widget_type=\"button.default\">\n\t\t\t\t<div class=\"elementor-widget-container\">\n\t\t\t\t\t\t\t\t\t<div class=\"elementor-button-wrapper\">\n\t\t\t\t\t<a class=\"elementor-button elementor-button-link elementor-size-xs\" href=\"https:\/\/kekajto.dev.appsters.me\/en\/regisztracio\/\">\n\t\t\t\t\t\t<span class=\"elementor-button-content-wrapper\">\n\t\t\t\t\t\t\t\t\t<span class=\"elementor-button-text\">Regisztr\u00e1ci\u00f3hoz kattints ide!<\/span>\n\t\t\t\t\t<\/span>\n\t\t\t\t\t<\/a>\n\t\t\t\t<\/div>\n\t\t\t\t\t\t\t\t<\/div>\n\t\t\t\t<\/div>\n\t\t\t\t\t<\/div>\n\t\t<\/div>\n\t\t\t\t\t<\/div>\n\t\t<\/section>\n\t\t\t\t<section class=\"elementor-section elementor-top-section elementor-element elementor-element-b36ce6f elementor-section-boxed elementor-section-height-default elementor-section-height-default\" data-id=\"b36ce6f\" data-element_type=\"section\">\n\t\t\t\t\t\t<div class=\"elementor-container elementor-column-gap-default\">\n\t\t\t\t\t<div class=\"elementor-column elementor-col-100 elementor-top-column elementor-element elementor-element-739a035\" data-id=\"739a035\" data-element_type=\"column\">\n\t\t\t<div class=\"elementor-widget-wrap elementor-element-populated\">\n\t\t\t\t\t\t<div class=\"elementor-element elementor-element-2880e87 elementor-widget elementor-widget-template\" data-id=\"2880e87\" data-element_type=\"widget\" data-widget_type=\"template.default\">\n\t\t\t\t<div class=\"elementor-widget-container\">\n\t\t\t\t\t\t\t<div class=\"elementor-template\">\n\t\t\t\t\t<div data-elementor-type=\"section\" data-elementor-id=\"990739\" class=\"elementor elementor-990739\" data-elementor-post-type=\"elementor_library\">\n\t\t\t\t\t<section class=\"elementor-section elementor-top-section elementor-element elementor-element-48b0ae4 elementor-section-full_width elementor-section-items-stretch elementor-section-height-full elementor-section-height-default\" data-id=\"48b0ae4\" data-element_type=\"section\">\n\t\t\t\t\t\t<div class=\"elementor-container elementor-column-gap-no\">\n\t\t\t\t\t<div class=\"elementor-column elementor-col-100 elementor-top-column elementor-element elementor-element-332057d\" data-id=\"332057d\" data-element_type=\"column\">\n\t\t\t<div class=\"elementor-widget-wrap elementor-element-populated\">\n\t\t\t\t\t\t<div class=\"elementor-element elementor-element-d5e8555 elementor-widget elementor-widget-eael-login-register\" data-id=\"d5e8555\" data-element_type=\"widget\" data-widget_type=\"eael-login-register.default\">\n\t\t\t\t<div class=\"elementor-widget-container\">\n\t\t\t\t\t        <div class=\"eael-login-registration-wrapper\"\n             data-is-ajax=\"\"\n             data-widget-id=\"d5e8555\"\n             data-page-id=\"990739\"\n             data-recaptcha-sitekey=\"\"\n\t\t\t data-recaptcha-sitekey-v3=\"6LdtxJEpAAAAALEPvUP8j0LfUHpx1nq0ooOxB2pO\"\n\t\t\t data-login-recaptcha-version=\"v3\"\n\t\t\t data-register-recaptcha-version=\"v3\"\n             data-redirect-to=\"\/\"\n             data-resetpassword-redirect-to=\"\"\n        >\n\t\t\t            <section\n                    id=\"eael-login-form-wrapper\"\n                    class=\"\"\n                    data-recaptcha-theme=\"light\"\n                    data-recaptcha-size=\"normal\">\n                <div class=\"eael-login-form-wrapper eael-lr-form-wrapper style-2\">\n\t\t\t\t\t                        <div class=\"lr-form-wrapper\">\n\t\t\t\t\t\t\t\t\t\t\t\t\t\t                            <form class=\"eael-login-form eael-lr-form\"\n                                  id=\"eael-login-form\"\n                                  method=\"post\" action=\"\">\n\t\t\t\t\t\t\t\t                                <div class=\"eael-lr-form-group eael-user-login\">\n\t\t\t\t\t\t\t\t\t<label for=\"eael-user-login\" class=\"eael-field-label\">Felhaszn\u00e1l\u00f3n\u00e9v vagy Email c\u00edm<\/label>                                    <input type=\"text\"\n                                           name=\"eael-user-login\"\n                                           id=\"eael-user-login\"\n                                           class=\"eael-lr-form-control\"\n                                           placeholder=\"\"\n                                           required>\n\t\t\t\t\t\t\t\t\t                                <\/div>\n                                <div class=\"eael-lr-form-group eael-user-password\">\n\t\t\t\t\t\t\t\t\t<label for=\"eael-user-password\" class=\"eael-field-label\">Jelsz\u00f3<\/label>                                    <div class=\"eael-lr-password-wrapper\">\n                                        <input type=\"password\"\n                                               name=\"eael-user-password\"\n                                               class=\"eael-lr-form-control\"\n                                               id=\"eael-user-password\"\n                                               placeholder=\"\"\n                                               required>\n\t\t\t\t\t\t\t\t\t\t                                            <button type=\"button\"\n                                                    id=\"wp-hide-pw\"\n                                                    class=\"wp-hide-pw hide-if-no-js\"\n                                                    aria-label=\"Show password\">\n                                                <span class=\"dashicons dashicons-visibility\"\n                                                      aria-hidden=\"true\"><\/span>\n                                            <\/button>\n\t\t\t\t\t\t\t\t\t\t\t\t\t\t\t\t\t\t\t\t                                    <\/div>\n                                <\/div>\n                                <div class=\"eael-forever-forget eael-lr-form-group\">\n\t\t\t\t\t\t\t\t\t<p class=\"forget-pass\"><a href=\"https:\/\/kekajto.dev.appsters.me\/en\/my-account-2\/lost-password\/\">Elfelejtett jelsz\u00f3<\/a><\/p>\n                                <\/div>\n\n\t\t\t\t\t\t\t\t<input type='hidden' name='g-recaptcha-enabled' value='1'\/><div id='login-recaptcha-node-d5e8555' class='eael-recaptcha-wrapper'><\/div><input type='hidden' name='action' value='eael_login_register_form'\/>\n\n                                <div class=\"eael-lr-footer\">\n\t\t\t\t\t\t\t\t\t<div class=\"eael-lr-form-loader-wrapper\">\n                                    \t<input type=\"submit\"\n                                           name=\"eael-login-submit\"\n                                           id=\"eael-login-submit\"\n                                           class=\"g-recaptcha eael-lr-btn eael-lr-btn-block\"\n                                           value=\"Bejelentkez\u00e9s\"\/>\n\t\t\t\t\t\t\t\t\t\t\n\t\t\t\t\t\t\t\t\t\t\n\t\t\t\t\t\t\t\t\t<\/div>\n\t\t\t\t\t\t\t\t\t\n                                <\/div>\n\t\t\t\t\t\t\t\t                                <div class=\"eael-form-validation-container\">\n\t\t\t\t\t\t\t\t\t                                <\/div>\n\t\t\t\t\t\t\t\t                <input type=\"hidden\"\n                       name=\"redirect_to\"\n                       value=\"\/\">\n\t\t\t<input type=\"hidden\" id=\"eael-login-nonce\" name=\"eael-login-nonce\" value=\"d47d820a4d\" \/><input type=\"hidden\" name=\"_wp_http_referer\" value=\"\/en\/wp-json\/wp\/v2\/pages\/990837\" \/>        <input type=\"hidden\"\n               name=\"page_id\"\n               value=\"990739\">\n\t\t<input type=\"hidden\"\n               name=\"page_id_for_popup\"\n               value=\"990739\">\t   \n\t\t<input type=\"hidden\"\n               name=\"resetpassword_in_popup_selector\"\n               value=\"\">\n        <input type=\"hidden\"\n               name=\"widget_id\"\n               value=\"d5e8555\">\n\t\t                            <input type=\"hidden\" name=\"trp-form-language\" value=\"en\"\/><\/form>\n\t\t\t\t\t\t\t                        <\/div>\n\t\t\t\t\t\t                <\/div>\n\n            <\/section>\n\n\t\t\t<script>\n\t\t\t\tjQuery(document).ready(function($){\n\t\t\t\t\tvar eael_get_login_status = localStorage.getItem( 'eael-is-login-form' );\n\t\t\t\t\tif( eael_get_login_status === 'true' ) {\n\t\t\t\t\t\tsetTimeout(function() {\n\t\t\t\t\t\t\tvar button = jQuery('[eael-login=\"yes\"]');\n\t\t\t\t\t\t\tif( ! button.hasClass('eael-clicked') ) {\n\t\t\t\t\t\t\t\tbutton.trigger('click').addClass('eael-clicked');\n\t\t\t\t\t\t\t}\n\t\t\t\t\t\t}, 100);\n\n\t\t\t\t\t\tsetTimeout(function() {\n\t\t\t\t\t\t\tjQuery('[eael-login=\"yes\"]').removeClass('eael-clicked')\n\t\t\t\t\t\t}, 500);\n\t\t\t\t\t}\n\t\t\t\t});\n\t\t\t<\/script>\n\t\t\t            <section\n                    id=\"eael-lostpassword-form-wrapper\"\n                    class=\"eael-lr-d-none\"\n                    >\n                <div class=\"eael-lostpassword-form-wrapper eael-lr-form-wrapper style-2\">\n\t\t\t\t\t\t\t\t\t\t<div class=\"lr-form-wrapper\">\n\t\t\t\t\t\t\t\t\t\t\t\t\t\t\t\t\t\t<form class=\"eael-lostpassword-form eael-lr-form\"\n\t\t\t\t\t\t\t  id=\"eael-lostpassword-form\"\n\t\t\t\t\t\t\t  method=\"post\" action=\"\">\n\t\t\t\t\t\t\t\t\t\t\t\t\t\t<div class=\"eael-lr-form-group\">\n\t\t\t\t\t\t\t\t<label for=\"eael-user-lostpassword\" class=\"eael-field-label\">Username or Email Address<\/label>\t\t\t\t\t\t\t\t<input type=\"text\"\n\t\t\t\t\t\t\t\t\t   name=\"eael-user-lostpassword\"\n\t\t\t\t\t\t\t\t\t   id=\"eael-user-lostpassword\"\n\t\t\t\t\t\t\t\t\t   class=\"eael-lr-form-control\"\n\t\t\t\t\t\t\t\t\t   placeholder=\"Username or Email Address\"\n\t\t\t\t\t\t\t\t\t   required>\n\t\t\t\t\t\t\t\t\t\t\t\t\t\t\t<\/div>\n\n\t\t\t\t\t\t\t\n\t\t\t\t\t\t\t<div class=\"eael-lr-footer\">\n\t\t\t\t\t\t\t\t<input type=\"submit\"\n\t\t\t\t\t\t\t\t\t   name=\"eael-lostpassword-submit\"\n\t\t\t\t\t\t\t\t\t   id=\"eael-lostpassword-submit\"\n\t\t\t\t\t\t\t\t\t   class=\"eael-lr-btn eael-lr-btn-block\"\n\t\t\t\t\t\t\t\t\t   value=\"Reset Password\"\/>\n\t\t\t\t\t\t\t\t\t\t\t\t\t\t\t\t\t<div class=\"eael-sign-wrapper\">\n\t\t\t\t\t\t\t\t\t\t<span class=\"d-ib\"> <\/span> <a href=\"\" id=\"eael-lr-login-toggle-lostpassword\" class=\"eael-lr-link\" data-action=\"form\">Sign In<\/a>\t\t\t\t\t\t\t\t\t<\/div>\n\t\t\t\t\t\t\t\t\n\t\t\t\t\t\t\t<\/div>\n\t\t\t\t\t\t\t\t\t\t\t\t\t\t<div class=\"eael-form-validation-container\">\n\t\t\t\t\t\t\t\t\t\t\t\t\t\t\t<\/div>\n\t\t\t\t\t\t\t<input type=\"hidden\" id=\"eael-lostpassword-nonce\" name=\"eael-lostpassword-nonce\" value=\"4e04156c6c\" \/><input type=\"hidden\" name=\"_wp_http_referer\" value=\"\/en\/wp-json\/wp\/v2\/pages\/990837\" \/>        <input type=\"hidden\"\n               name=\"page_id\"\n               value=\"990739\">\n\t\t<input type=\"hidden\"\n               name=\"page_id_for_popup\"\n               value=\"990739\">\t   \n\t\t<input type=\"hidden\"\n               name=\"resetpassword_in_popup_selector\"\n               value=\"\">\n        <input type=\"hidden\"\n               name=\"widget_id\"\n               value=\"d5e8555\">\n\t\t\t\t\t\t\t\t<input type=\"hidden\" name=\"trp-form-language\" value=\"en\"\/><\/form>\n\t\t\t\t\t\t\t\t\t\t\t<\/div>\n\t\t\t\t\t                <\/div>\n\n            <\/section>\n\t\t\t        <\/div>\n\n\t\t\t\t\t\t<\/div>\n\t\t\t\t<\/div>\n\t\t\t\t\t<\/div>\n\t\t<\/div>\n\t\t\t\t\t<\/div>\n\t\t<\/section>\n\t\t\t\t<\/div>\n\t\t\t\t<\/div>\n\t\t\t\t\t\t<\/div>\n\t\t\t\t<\/div>\n\t\t\t\t\t<\/div>\n\t\t<\/div>\n\t\t\t\t\t<\/div>\n\t\t<\/section>\n\t\t\t\t<\/div>","protected":false},"excerpt":{"rendered":"<p>Regisztr\u00e1ci\u00f3hoz kattints ide!<\/p>","protected":false},"author":2,"featured_media":0,"parent":0,"menu_order":0,"comment_status":"closed","ping_status":"closed","template":"","meta":{"_acf_changed":false,"footnotes":""},"class_list":["post-990837","page","type-page","status-publish","hentry"],"acf":[],"_links":{"self":[{"href":"https:\/\/kekajto.dev.appsters.me\/en\/wp-json\/wp\/v2\/pages\/990837","targetHints":{"allow":["GET"]}}],"collection":[{"href":"https:\/\/kekajto.dev.appsters.me\/en\/wp-json\/wp\/v2\/pages"}],"about":[{"href":"https:\/\/kekajto.dev.appsters.me\/en\/wp-json\/wp\/v2\/types\/page"}],"author":[{"embeddable":true,"href":"https:\/\/kekajto.dev.appsters.me\/en\/wp-json\/wp\/v2\/users\/2"}],"replies":[{"embeddable":true,"href":"https:\/\/kekajto.dev.appsters.me\/en\/wp-json\/wp\/v2\/comments?post=990837"}],"version-history":[{"count":80,"href":"https:\/\/kekajto.dev.appsters.me\/en\/wp-json\/wp\/v2\/pages\/990837\/revisions"}],"predecessor-version":[{"id":991290,"href":"https:\/\/kekajto.dev.appsters.me\/en\/wp-json\/wp\/v2\/pages\/990837\/revisions\/991290"}],"wp:attachment":[{"href":"https:\/\/kekajto.dev.appsters.me\/en\/wp-json\/wp\/v2\/media?parent=990837"}],"curies":[{"name":"wp","href":"https:\/\/api.w.org\/{rel}","templated":true}]}}