{"id":988997,"date":"2021-04-08T09:30:34","date_gmt":"2021-04-08T09:30:34","guid":{"rendered":"https:\/\/kekajto.dev.appsters.me\/?page_id=988997"},"modified":"2022-05-30T11:00:23","modified_gmt":"2022-05-30T10:00:23","slug":"kitekintes","status":"publish","type":"page","link":"https:\/\/kekajto.dev.appsters.me\/en\/kitekintes\/","title":{"rendered":"Kitekint\u00e9s"},"content":{"rendered":"<div data-elementor-type=\"wp-page\" data-elementor-id=\"988997\" class=\"elementor elementor-988997\" data-elementor-post-type=\"page\">\n\t\t\t\t\t\t<section class=\"elementor-section elementor-top-section elementor-element elementor-element-06f4fe2 elementor-section-height-min-height elementor-section-content-middle elementor-section-full_width elementor-section-height-default elementor-section-items-middle\" data-id=\"06f4fe2\" data-element_type=\"section\" data-settings=\"{&quot;background_background&quot;:&quot;classic&quot;}\">\n\t\t\t\t\t\t\t<div class=\"elementor-background-overlay\"><\/div>\n\t\t\t\t\t\t\t<div class=\"elementor-container elementor-column-gap-custom\">\n\t\t\t\t\t<div class=\"elementor-column elementor-col-100 elementor-top-column elementor-element elementor-element-47fafa4\" data-id=\"47fafa4\" data-element_type=\"column\">\n\t\t\t<div class=\"elementor-widget-wrap elementor-element-populated\">\n\t\t\t\t\t\t<section class=\"elementor-section elementor-inner-section elementor-element elementor-element-adea2c8 elementor-section-full_width elementor-section-height-min-height elementor-section-height-default\" data-id=\"adea2c8\" data-element_type=\"section\">\n\t\t\t\t\t\t<div class=\"elementor-container elementor-column-gap-custom\">\n\t\t\t\t\t<div class=\"elementor-column elementor-col-33 elementor-inner-column elementor-element elementor-element-f53de23 elementor-hidden-phone\" data-id=\"f53de23\" data-element_type=\"column\">\n\t\t\t<div class=\"elementor-widget-wrap\">\n\t\t\t\t\t\t\t<\/div>\n\t\t<\/div>\n\t\t\t\t<div class=\"elementor-column elementor-col-33 elementor-inner-column elementor-element elementor-element-e23d697\" data-id=\"e23d697\" data-element_type=\"column\">\n\t\t\t<div class=\"elementor-widget-wrap elementor-element-populated\">\n\t\t\t\t\t\t<div class=\"elementor-element elementor-element-b2d09b4 animated-slow elementor-widget__width-initial elementor-widget elementor-widget-image\" data-id=\"b2d09b4\" data-element_type=\"widget\" id=\"kekajto-logo-gif\" data-settings=\"{&quot;_animation&quot;:&quot;none&quot;}\" data-widget_type=\"image.default\">\n\t\t\t\t<div class=\"elementor-widget-container\">\n\t\t\t\t\t\t\t\t\t<div class=\"elementor-image\">\n\t\t\t\t\t\t\t\t\t\t\t\t\t\t\t\t\t\t\t\t\t<img fetchpriority=\"high\" decoding=\"async\" width=\"706\" height=\"1128\" src=\"https:\/\/kekajto.dev.appsters.me\/wp-content\/uploads\/2021\/06\/logo_animacio_3_noon_loop.gif\" class=\"attachment-medium_large size-medium_large wp-image-989870\" alt=\"\" \/>\t\t\t\t\t\t\t\t\t\t\t\t\t\t\t\t\t\t\t\t\t\t\t\t<\/div>\n\t\t\t\t\t\t\t\t<\/div>\n\t\t\t\t<\/div>\n\t\t\t\t\t<\/div>\n\t\t<\/div>\n\t\t\t\t<div class=\"elementor-column elementor-col-33 elementor-inner-column elementor-element elementor-element-45a5402\" data-id=\"45a5402\" data-element_type=\"column\">\n\t\t\t<div class=\"elementor-widget-wrap elementor-element-populated\">\n\t\t\t\t\t\t<div class=\"elementor-element elementor-element-d1ec317 elementor-align-justify animated-slow rotate-shop elementor-widget__width-auto elementor-fixed elementor-invisible elementor-widget elementor-widget-button\" data-id=\"d1ec317\" data-element_type=\"widget\" data-settings=\"{&quot;_animation&quot;:&quot;fadeInDown&quot;,&quot;sticky&quot;:&quot;bottom&quot;,&quot;sticky_offset&quot;:20,&quot;sticky_parent&quot;:&quot;yes&quot;,&quot;_position&quot;:&quot;fixed&quot;,&quot;sticky_on&quot;:[&quot;desktop&quot;,&quot;tablet&quot;,&quot;mobile&quot;],&quot;sticky_effects_offset&quot;:0,&quot;sticky_anchor_link_offset&quot;:0}\" data-widget_type=\"button.default\">\n\t\t\t\t<div class=\"elementor-widget-container\">\n\t\t\t\t\t\t\t\t\t<div class=\"elementor-button-wrapper\">\n\t\t\t\t\t<a class=\"elementor-button elementor-button-link elementor-size-md\" href=\"\/en\/shop\/\">\n\t\t\t\t\t\t<span class=\"elementor-button-content-wrapper\">\n\t\t\t\t\t\t<span class=\"elementor-button-icon\">\n\t\t\t\t<i aria-hidden=\"true\" class=\"fas fa-angle-double-up\"><\/i>\t\t\t<\/span>\n\t\t\t\t\t\t\t\t\t<span class=\"elementor-button-text\">V\u00c1S\u00c1RL\u00c1S<\/span>\n\t\t\t\t\t<\/span>\n\t\t\t\t\t<\/a>\n\t\t\t\t<\/div>\n\t\t\t\t\t\t\t\t<\/div>\n\t\t\t\t<\/div>\n\t\t\t\t\t<\/div>\n\t\t<\/div>\n\t\t\t\t\t<\/div>\n\t\t<\/section>\n\t\t\t\t<section class=\"elementor-section elementor-inner-section elementor-element elementor-element-6463054 elementor-section-full_width elementor-section-height-min-height elementor-section-content-bottom elementor-section-height-default\" data-id=\"6463054\" data-element_type=\"section\">\n\t\t\t\t\t\t<div class=\"elementor-container elementor-column-gap-default\">\n\t\t\t\t\t<div class=\"elementor-column elementor-col-100 elementor-inner-column elementor-element elementor-element-b078da5\" data-id=\"b078da5\" data-element_type=\"column\">\n\t\t\t<div class=\"elementor-widget-wrap elementor-element-populated\">\n\t\t\t\t\t\t<div class=\"elementor-element elementor-element-26fcede elementor-headline--style-blurred_letters elementor-widget elementor-widget-vamtam-animated-headline\" data-id=\"26fcede\" data-element_type=\"widget\" data-settings=\"{&quot;headline_style&quot;:&quot;blurred_letters&quot;,&quot;vamtam_text&quot;:&quot;Kitekint\\u00e9s&quot;}\" data-widget_type=\"vamtam-animated-headline.default\">\n\t\t\t\t<div class=\"elementor-widget-container\">\n\t\t\t\t\t\t\t\t\t<h2 class=\"elementor-headline\">\n\t\t\t\t\t\t\t\t\t\t\t\t\t\t\t\t\t\t\t\t\t\t\t\t<span class=\"vamtam-word\">\t\t\t\t\t\t\t\t\t\t\t\t\t\t\t<span class=\"vamtam-letter blurred\" data-delay=\"0\">K<\/span>\n\t\t\t\t\t\t\t\t\t\t\t\t\t\t\t\t\t\t\t\t\t\t\t\t\t\t\t\t\t\t\t\t\t\t\t<span class=\"vamtam-letter blurred\" data-delay=\"1\">i<\/span>\n\t\t\t\t\t\t\t\t\t\t\t\t\t\t\t\t\t\t\t\t\t\t\t\t\t\t\t\t\t\t\t\t\t\t\t<span class=\"vamtam-letter blurred\" data-delay=\"2\">t<\/span>\n\t\t\t\t\t\t\t\t\t\t\t\t\t\t\t\t\t\t\t\t\t\t\t\t\t\t\t\t\t\t\t\t\t\t\t<span class=\"vamtam-letter blurred\" data-delay=\"3\">e<\/span>\n\t\t\t\t\t\t\t\t\t\t\t\t\t\t\t\t\t\t\t\t\t\t\t\t\t\t\t\t\t\t\t\t\t\t\t<span class=\"vamtam-letter\">k<\/span>\n\t\t\t\t\t\t\t\t\t\t\t\t\t\t\t\t\t\t\t\t\t\t\t\t\t\t\t\t\t\t\t\t\t\t\t<span class=\"vamtam-letter\">i<\/span>\n\t\t\t\t\t\t\t\t\t\t\t\t\t\t\t\t\t\t\t\t\t\t\t\t\t\t\t\t\t\t\t\t\t\t\t<span class=\"vamtam-letter blurred\" data-delay=\"4\">n<\/span>\n\t\t\t\t\t\t\t\t\t\t\t\t\t\t\t\t\t\t\t\t\t\t\t\t\t\t\t\t\t\t\t\t\t\t\t<span class=\"vamtam-letter\">t<\/span>\n\t\t\t\t\t\t\t\t\t\t\t\t\t\t\t\t\t\t\t\t\t\t\t\t\t\t\t\t\t\t\t\t\t\t\t<span class=\"vamtam-letter\">\u00e9<\/span>\n\t\t\t\t\t\t\t\t\t\t\t\t\t\t\t\t\t\t\t\t\t\t\t\t\t\t\t\t\t\t\t\t\t\t\t<span class=\"vamtam-letter blurred\" data-delay=\"5\">s<\/span>\n\t\t\t\t\t\t\t\t\t\t\t\t\t\t\t\t\t\t\t<\/span>\t\t\t\t\t\t\t\t\t<\/h2>\n\t\t\t\t\t\t\t\t<\/div>\n\t\t\t\t<\/div>\n\t\t\t\t\t<\/div>\n\t\t<\/div>\n\t\t\t\t\t<\/div>\n\t\t<\/section>\n\t\t\t\t\t<\/div>\n\t\t<\/div>\n\t\t\t\t\t<\/div>\n\t\t<\/section>\n\t\t\t\t<section class=\"elementor-section elementor-top-section elementor-element elementor-element-5e31318 elementor-reverse-mobile elementor-section-boxed elementor-section-height-default elementor-section-height-default\" data-id=\"5e31318\" data-element_type=\"section\">\n\t\t\t\t\t\t<div class=\"elementor-container elementor-column-gap-default\">\n\t\t\t\t\t<div class=\"elementor-column elementor-col-50 elementor-top-column elementor-element elementor-element-a80e71f\" data-id=\"a80e71f\" data-element_type=\"column\">\n\t\t\t<div class=\"elementor-widget-wrap elementor-element-populated\">\n\t\t\t\t\t\t<div class=\"elementor-element elementor-element-f440766 elementor-widget elementor-widget-text-editor\" data-id=\"f440766\" data-element_type=\"widget\" data-widget_type=\"text-editor.default\">\n\t\t\t\t<div class=\"elementor-widget-container\">\n\t\t\t\t\t\t\t\t\t<blockquote><p>A fejl\u0151d\u00e9s egyik alapk\u00f6ve, hogy ismerj\u00fck a hazai \u00e9s nemzetk\u00f6zi borpiacot. A k\u00f3stol\u00e1s \u00e9ppen ez\u00e9rt egy nagyon komoly munka. Tartsatok vel\u00fcnk itt is, tanuljunk, inspir\u00e1l\u00f3djunk egy\u00fctt. Ez\u00e1ltal r\u00e9szesei lehettek egy utaz\u00e1snak, amit mi \u201eszervez\u00fcnk\u201d. Itt osztjuk meg veletek azt, hogy mit k\u00f3stolunk mi.<\/p><p><br \/>Fontos! Nem alkotunk v\u00e9lem\u00e9nyt, nem kritiz\u00e1lunk, nem \u00e9rt\u00e9kel\u00fcnk. Csak tudni \u00e9s ismerni szeretn\u00e9nk bor\u00e1sz t\u00e1rsaink munk\u00e1ss\u00e1g\u00e1t. Sz\u00edvesen vessz\u00fck aj\u00e1nl\u00e1saitokat!<\/p><\/blockquote>\t\t\t\t\t\t\t\t<\/div>\n\t\t\t\t<\/div>\n\t\t\t\t\t<\/div>\n\t\t<\/div>\n\t\t\t\t<div class=\"elementor-column elementor-col-50 elementor-top-column elementor-element elementor-element-a4aaa2a\" data-id=\"a4aaa2a\" data-element_type=\"column\">\n\t\t\t<div class=\"elementor-widget-wrap elementor-element-populated\">\n\t\t\t\t\t\t<div class=\"elementor-element elementor-element-6cca851 elementor-headline--style-blurred_letters elementor-widget elementor-widget-vamtam-animated-headline\" data-id=\"6cca851\" data-element_type=\"widget\" data-settings=\"{&quot;headline_style&quot;:&quot;blurred_letters&quot;,&quot;vamtam_text&quot;:&quot;M\\u00e1sok H\\u00e1za T\\u00e1ja&quot;}\" data-widget_type=\"vamtam-animated-headline.default\">\n\t\t\t\t<div class=\"elementor-widget-container\">\n\t\t\t\t\t\t\t\t\t<h2 class=\"elementor-headline\">\n\t\t\t\t\t\t\t\t\t\t\t\t\t\t\t\t\t\t\t\t\t\t\t\t<span class=\"vamtam-word\">\t\t\t\t\t\t\t\t\t\t\t\t\t\t\t<span class=\"vamtam-letter blurred\" data-delay=\"0.3\">M<\/span>\n\t\t\t\t\t\t\t\t\t\t\t\t\t\t\t\t\t\t\t\t\t\t\t\t\t\t\t\t\t\t\t\t\t\t\t<span class=\"vamtam-letter\">\u00e1<\/span>\n\t\t\t\t\t\t\t\t\t\t\t\t\t\t\t\t\t\t\t\t\t\t\t\t\t\t\t\t\t\t\t\t\t\t\t<span class=\"vamtam-letter\">s<\/span>\n\t\t\t\t\t\t\t\t\t\t\t\t\t\t\t\t\t\t\t\t\t\t\t\t\t\t\t\t\t\t\t\t\t\t\t<span class=\"vamtam-letter\">o<\/span>\n\t\t\t\t\t\t\t\t\t\t\t\t\t\t\t\t\t\t\t\t\t\t\t\t\t\t\t\t\t\t\t\t\t\t\t<span class=\"vamtam-letter\">k<\/span>\n\t\t\t\t\t\t\t\t\t\t\t\t\t\t\t\t\t\t\t\t<\/span> \t\t\t\t\t\t\t<span class=\"vamtam-word\">\t\t\t\t\t\t\t\t\t\t\t\t\t\t\t<span class=\"vamtam-letter\">H<\/span>\n\t\t\t\t\t\t\t\t\t\t\t\t\t\t\t\t\t\t\t\t\t\t\t\t\t\t\t\t\t\t\t\t\t\t\t<span class=\"vamtam-letter\">\u00e1<\/span>\n\t\t\t\t\t\t\t\t\t\t\t\t\t\t\t\t\t\t\t\t\t\t\t\t\t\t\t\t\t\t\t\t\t\t\t<span class=\"vamtam-letter blurred\" data-delay=\"0.49\">z<\/span>\n\t\t\t\t\t\t\t\t\t\t\t\t\t\t\t\t\t\t\t\t\t\t\t\t\t\t\t\t\t\t\t\t\t\t\t<span class=\"vamtam-letter\">a<\/span>\n\t\t\t\t\t\t\t\t\t\t\t\t\t\t\t\t\t\t\t\t<\/span> \t\t\t\t\t\t\t<span class=\"vamtam-word\">\t\t\t\t\t\t\t\t\t\t\t\t\t\t\t<span class=\"vamtam-letter blurred\" data-delay=\"0.38\">T<\/span>\n\t\t\t\t\t\t\t\t\t\t\t\t\t\t\t\t\t\t\t\t\t\t\t\t\t\t\t\t\t\t\t\t\t\t\t<span class=\"vamtam-letter\">\u00e1<\/span>\n\t\t\t\t\t\t\t\t\t\t\t\t\t\t\t\t\t\t\t\t\t\t\t\t\t\t\t\t\t\t\t\t\t\t\t<span class=\"vamtam-letter\">j<\/span>\n\t\t\t\t\t\t\t\t\t\t\t\t\t\t\t\t\t\t\t\t\t\t\t\t\t\t\t\t\t\t\t\t\t\t\t<span class=\"vamtam-letter\">a<\/span>\n\t\t\t\t\t\t\t\t\t\t\t\t\t\t\t\t\t\t\t<\/span>\t\t\t\t\t\t\t\t\t<\/h2>\n\t\t\t\t\t\t\t\t<\/div>\n\t\t\t\t<\/div>\n\t\t\t\t\t<\/div>\n\t\t<\/div>\n\t\t\t\t\t<\/div>\n\t\t<\/section>\n\t\t\t\t<section class=\"elementor-section elementor-top-section elementor-element elementor-element-1a55446 elementor-section-boxed elementor-section-height-default elementor-section-height-default\" data-id=\"1a55446\" data-element_type=\"section\">\n\t\t\t\t\t\t<div class=\"elementor-container elementor-column-gap-default\">\n\t\t\t\t\t<div class=\"elementor-column elementor-col-100 elementor-top-column elementor-element elementor-element-33e5a95\" data-id=\"33e5a95\" data-element_type=\"column\">\n\t\t\t<div class=\"elementor-widget-wrap elementor-element-populated\">\n\t\t\t\t\t\t\t<\/div>\n\t\t<\/div>\n\t\t\t\t\t<\/div>\n\t\t<\/section>\n\t\t\t\t<\/div>","protected":false},"excerpt":{"rendered":"<p>V\u00c1S\u00c1RL\u00c1S K i t e k i n t \u00e9 s A fejl\u0151d\u00e9s egyik alapk\u00f6ve, hogy ismerj\u00fck a hazai \u00e9s nemzetk\u00f6zi borpiacot. A k\u00f3stol\u00e1s \u00e9ppen ez\u00e9rt egy nagyon komoly munka. Tartsatok vel\u00fcnk itt is, tanuljunk, inspir\u00e1l\u00f3djunk egy\u00fctt. Ez\u00e1ltal r\u00e9szesei lehettek egy utaz\u00e1snak, amit mi \u201eszervez\u00fcnk\u201d. Itt osztjuk meg veletek azt, hogy mit k\u00f3stolunk mi. Fontos!&#8230;<\/p>","protected":false},"author":2,"featured_media":0,"parent":0,"menu_order":0,"comment_status":"closed","ping_status":"closed","template":"","meta":{"_acf_changed":false,"footnotes":""},"class_list":["post-988997","page","type-page","status-publish","hentry"],"acf":[],"_links":{"self":[{"href":"https:\/\/kekajto.dev.appsters.me\/en\/wp-json\/wp\/v2\/pages\/988997","targetHints":{"allow":["GET"]}}],"collection":[{"href":"https:\/\/kekajto.dev.appsters.me\/en\/wp-json\/wp\/v2\/pages"}],"about":[{"href":"https:\/\/kekajto.dev.appsters.me\/en\/wp-json\/wp\/v2\/types\/page"}],"author":[{"embeddable":true,"href":"https:\/\/kekajto.dev.appsters.me\/en\/wp-json\/wp\/v2\/users\/2"}],"replies":[{"embeddable":true,"href":"https:\/\/kekajto.dev.appsters.me\/en\/wp-json\/wp\/v2\/comments?post=988997"}],"version-history":[{"count":214,"href":"https:\/\/kekajto.dev.appsters.me\/en\/wp-json\/wp\/v2\/pages\/988997\/revisions"}],"predecessor-version":[{"id":991964,"href":"https:\/\/kekajto.dev.appsters.me\/en\/wp-json\/wp\/v2\/pages\/988997\/revisions\/991964"}],"wp:attachment":[{"href":"https:\/\/kekajto.dev.appsters.me\/en\/wp-json\/wp\/v2\/media?parent=988997"}],"curies":[{"name":"wp","href":"https:\/\/api.w.org\/{rel}","templated":true}]}}