{"id":988977,"date":"2021-04-08T08:48:32","date_gmt":"2021-04-08T08:48:32","guid":{"rendered":"https:\/\/kekajto.dev.appsters.me\/?page_id=988977"},"modified":"2021-11-29T14:42:27","modified_gmt":"2021-11-29T13:42:27","slug":"borvidek-es-duloink","status":"publish","type":"page","link":"https:\/\/kekajto.dev.appsters.me\/en\/borvidek-es-duloink\/","title":{"rendered":"Borvid\u00e9k \u00e9s d\u0171l\u0151ink"},"content":{"rendered":"<div data-elementor-type=\"wp-page\" data-elementor-id=\"988977\" class=\"elementor elementor-988977\" data-elementor-post-type=\"page\">\n\t\t\t\t\t\t<section class=\"elementor-section elementor-top-section elementor-element elementor-element-06f4fe2 elementor-section-height-min-height elementor-section-content-middle elementor-section-full_width elementor-section-height-default elementor-section-items-middle\" data-id=\"06f4fe2\" data-element_type=\"section\" data-settings=\"{&quot;background_background&quot;:&quot;classic&quot;}\">\n\t\t\t\t\t\t\t<div class=\"elementor-background-overlay\"><\/div>\n\t\t\t\t\t\t\t<div class=\"elementor-container elementor-column-gap-custom\">\n\t\t\t\t\t<div class=\"elementor-column elementor-col-100 elementor-top-column elementor-element elementor-element-47fafa4\" data-id=\"47fafa4\" data-element_type=\"column\">\n\t\t\t<div class=\"elementor-widget-wrap elementor-element-populated\">\n\t\t\t\t\t\t<section class=\"elementor-section elementor-inner-section elementor-element elementor-element-adea2c8 elementor-section-full_width elementor-section-height-min-height elementor-section-height-default\" data-id=\"adea2c8\" data-element_type=\"section\">\n\t\t\t\t\t\t<div class=\"elementor-container elementor-column-gap-custom\">\n\t\t\t\t\t<div class=\"elementor-column elementor-col-33 elementor-inner-column elementor-element elementor-element-f53de23 elementor-hidden-phone\" data-id=\"f53de23\" data-element_type=\"column\">\n\t\t\t<div class=\"elementor-widget-wrap\">\n\t\t\t\t\t\t\t<\/div>\n\t\t<\/div>\n\t\t\t\t<div class=\"elementor-column elementor-col-33 elementor-inner-column elementor-element elementor-element-e23d697\" data-id=\"e23d697\" data-element_type=\"column\">\n\t\t\t<div class=\"elementor-widget-wrap elementor-element-populated\">\n\t\t\t\t\t\t<div class=\"elementor-element elementor-element-b2d09b4 animated-slow elementor-widget elementor-widget-image\" data-id=\"b2d09b4\" data-element_type=\"widget\" id=\"kekajto-logo-gif\" data-settings=\"{&quot;_animation&quot;:&quot;none&quot;}\" data-widget_type=\"image.default\">\n\t\t\t\t<div class=\"elementor-widget-container\">\n\t\t\t\t\t\t\t\t\t<div class=\"elementor-image\">\n\t\t\t\t\t\t\t\t\t\t\t\t\t\t\t\t\t\t\t\t\t<img fetchpriority=\"high\" decoding=\"async\" width=\"706\" height=\"1128\" src=\"https:\/\/kekajto.dev.appsters.me\/wp-content\/uploads\/2021\/06\/logo_animacio_3_noon_loop.gif\" class=\"attachment-medium_large size-medium_large wp-image-989870\" alt=\"\" \/>\t\t\t\t\t\t\t\t\t\t\t\t\t\t\t\t\t\t\t\t\t\t\t\t<\/div>\n\t\t\t\t\t\t\t\t<\/div>\n\t\t\t\t<\/div>\n\t\t\t\t\t<\/div>\n\t\t<\/div>\n\t\t\t\t<div class=\"elementor-column elementor-col-33 elementor-inner-column elementor-element elementor-element-45a5402\" data-id=\"45a5402\" data-element_type=\"column\">\n\t\t\t<div class=\"elementor-widget-wrap elementor-element-populated\">\n\t\t\t\t\t\t<div class=\"elementor-element elementor-element-a1b5412 elementor-align-justify animated-slow rotate-shop elementor-tablet-align-justify elementor-widget__width-auto elementor-fixed elementor-invisible elementor-widget elementor-widget-button\" data-id=\"a1b5412\" data-element_type=\"widget\" data-settings=\"{&quot;_animation&quot;:&quot;fadeInDown&quot;,&quot;_position&quot;:&quot;fixed&quot;}\" data-widget_type=\"button.default\">\n\t\t\t\t<div class=\"elementor-widget-container\">\n\t\t\t\t\t\t\t\t\t<div class=\"elementor-button-wrapper\">\n\t\t\t\t\t<a class=\"elementor-button elementor-button-link elementor-size-md\" href=\"\/en\/shop\/\">\n\t\t\t\t\t\t<span class=\"elementor-button-content-wrapper\">\n\t\t\t\t\t\t<span class=\"elementor-button-icon\">\n\t\t\t\t<i aria-hidden=\"true\" class=\"fas fa-angle-double-up\"><\/i>\t\t\t<\/span>\n\t\t\t\t\t\t\t\t\t<span class=\"elementor-button-text\">V\u00c1S\u00c1RL\u00c1S<\/span>\n\t\t\t\t\t<\/span>\n\t\t\t\t\t<\/a>\n\t\t\t\t<\/div>\n\t\t\t\t\t\t\t\t<\/div>\n\t\t\t\t<\/div>\n\t\t\t\t\t<\/div>\n\t\t<\/div>\n\t\t\t\t\t<\/div>\n\t\t<\/section>\n\t\t\t\t<section class=\"elementor-section elementor-inner-section elementor-element elementor-element-6463054 elementor-section-full_width elementor-section-height-min-height elementor-section-content-bottom elementor-section-height-default\" data-id=\"6463054\" data-element_type=\"section\">\n\t\t\t\t\t\t<div class=\"elementor-container elementor-column-gap-custom\">\n\t\t\t\t\t<div class=\"elementor-column elementor-col-100 elementor-inner-column elementor-element elementor-element-b078da5\" data-id=\"b078da5\" data-element_type=\"column\">\n\t\t\t<div class=\"elementor-widget-wrap elementor-element-populated\">\n\t\t\t\t\t\t<div class=\"elementor-element elementor-element-26fcede elementor-headline--style-blurred_letters elementor-widget elementor-widget-vamtam-animated-headline\" data-id=\"26fcede\" data-element_type=\"widget\" data-settings=\"{&quot;headline_style&quot;:&quot;blurred_letters&quot;,&quot;vamtam_text&quot;:&quot;Borvid\\u00e9k \\u00e9s d\\u0171l\\u0151ink&quot;}\" data-widget_type=\"vamtam-animated-headline.default\">\n\t\t\t\t<div class=\"elementor-widget-container\">\n\t\t\t\t\t\t\t\t\t<h2 class=\"elementor-headline\">\n\t\t\t\t\t\t\t\t\t\t\t\t\t\t\t\t\t\t\t\t\t\t\t\t<span class=\"vamtam-word\">\t\t\t\t\t\t\t\t\t\t\t\t\t\t\t<span class=\"vamtam-letter blurred\" data-delay=\"0\">B<\/span>\n\t\t\t\t\t\t\t\t\t\t\t\t\t\t\t\t\t\t\t\t\t\t\t\t\t\t\t\t\t\t\t\t\t\t\t<span class=\"vamtam-letter blurred\" data-delay=\"1\">o<\/span>\n\t\t\t\t\t\t\t\t\t\t\t\t\t\t\t\t\t\t\t\t\t\t\t\t\t\t\t\t\t\t\t\t\t\t\t<span class=\"vamtam-letter blurred\" data-delay=\"2\">r<\/span>\n\t\t\t\t\t\t\t\t\t\t\t\t\t\t\t\t\t\t\t\t\t\t\t\t\t\t\t\t\t\t\t\t\t\t\t<span class=\"vamtam-letter blurred\" data-delay=\"3\">v<\/span>\n\t\t\t\t\t\t\t\t\t\t\t\t\t\t\t\t\t\t\t\t\t\t\t\t\t\t\t\t\t\t\t\t\t\t\t<span class=\"vamtam-letter\">i<\/span>\n\t\t\t\t\t\t\t\t\t\t\t\t\t\t\t\t\t\t\t\t\t\t\t\t\t\t\t\t\t\t\t\t\t\t\t<span class=\"vamtam-letter\">d<\/span>\n\t\t\t\t\t\t\t\t\t\t\t\t\t\t\t\t\t\t\t\t\t\t\t\t\t\t\t\t\t\t\t\t\t\t\t<span class=\"vamtam-letter blurred\" data-delay=\"4\">\u00e9<\/span>\n\t\t\t\t\t\t\t\t\t\t\t\t\t\t\t\t\t\t\t\t\t\t\t\t\t\t\t\t\t\t\t\t\t\t\t<span class=\"vamtam-letter\">k<\/span>\n\t\t\t\t\t\t\t\t\t\t\t\t\t\t\t\t\t\t\t\t<\/span> \t\t\t\t\t\t\t<span class=\"vamtam-word\">\t\t\t\t\t\t\t\t\t\t\t\t\t\t\t<span class=\"vamtam-letter blurred\" data-delay=\"5\">\u00e9<\/span>\n\t\t\t\t\t\t\t\t\t\t\t\t\t\t\t\t\t\t\t\t\t\t\t\t\t\t\t\t\t\t\t\t\t\t\t<span class=\"vamtam-letter\">s<\/span>\n\t\t\t\t\t\t\t\t\t\t\t\t\t\t\t\t\t\t\t\t<\/span> \t\t\t\t\t\t\t<span class=\"vamtam-word\">\t\t\t\t\t\t\t\t\t\t\t\t\t\t\t<span class=\"vamtam-letter\">d<\/span>\n\t\t\t\t\t\t\t\t\t\t\t\t\t\t\t\t\t\t\t\t\t\t\t\t\t\t\t\t\t\t\t\t\t\t\t<span class=\"vamtam-letter\">\u0171<\/span>\n\t\t\t\t\t\t\t\t\t\t\t\t\t\t\t\t\t\t\t\t\t\t\t\t\t\t\t\t\t\t\t\t\t\t\t<span class=\"vamtam-letter blurred\" data-delay=\"6\">l<\/span>\n\t\t\t\t\t\t\t\t\t\t\t\t\t\t\t\t\t\t\t\t\t\t\t\t\t\t\t\t\t\t\t\t\t\t\t<span class=\"vamtam-letter\">\u0151<\/span>\n\t\t\t\t\t\t\t\t\t\t\t\t\t\t\t\t\t\t\t\t\t\t\t\t\t\t\t\t\t\t\t\t\t\t\t<span class=\"vamtam-letter\">i<\/span>\n\t\t\t\t\t\t\t\t\t\t\t\t\t\t\t\t\t\t\t\t\t\t\t\t\t\t\t\t\t\t\t\t\t\t\t<span class=\"vamtam-letter\">n<\/span>\n\t\t\t\t\t\t\t\t\t\t\t\t\t\t\t\t\t\t\t\t\t\t\t\t\t\t\t\t\t\t\t\t\t\t\t<span class=\"vamtam-letter\">k<\/span>\n\t\t\t\t\t\t\t\t\t\t\t\t\t\t\t\t\t\t\t<\/span>\t\t\t\t\t\t\t\t\t<\/h2>\n\t\t\t\t\t\t\t\t<\/div>\n\t\t\t\t<\/div>\n\t\t\t\t\t<\/div>\n\t\t<\/div>\n\t\t\t\t\t<\/div>\n\t\t<\/section>\n\t\t\t\t\t<\/div>\n\t\t<\/div>\n\t\t\t\t\t<\/div>\n\t\t<\/section>\n\t\t\t\t<section class=\"elementor-section elementor-top-section elementor-element elementor-element-5e31318 elementor-reverse-mobile elementor-section-full_width elementor-section-height-default elementor-section-height-default\" data-id=\"5e31318\" data-element_type=\"section\">\n\t\t\t\t\t\t<div class=\"elementor-container elementor-column-gap-default\">\n\t\t\t\t\t<div class=\"elementor-column elementor-col-50 elementor-top-column elementor-element elementor-element-a80e71f\" data-id=\"a80e71f\" data-element_type=\"column\">\n\t\t\t<div class=\"elementor-widget-wrap elementor-element-populated\">\n\t\t\t\t\t\t<div class=\"elementor-element elementor-element-f440766 elementor-widget elementor-widget-text-editor\" data-id=\"f440766\" data-element_type=\"widget\" data-widget_type=\"text-editor.default\">\n\t\t\t\t<div class=\"elementor-widget-container\">\n\t\t\t\t\t\t\t\t\t<blockquote><p>A Balaton d\u00e9li partj\u00e1n a Balatonbogl\u00e1ri borvid\u00e9ken tal\u00e1lhat\u00f3 a K\u00e9kajt\u00f3 Sz\u0151l\u0151birtok \u00e9s Bor\u00e1szat. Ter\u00fcleteink kiz\u00e1r\u00f3lag K\u0151r\u00f6shegyen helyezkednek el a V\u00f6lgyh\u00edd \u00f6lel\u00e9s\u00e9ben. Kiv\u00e1laszt\u00e1sukat t\u00f6bb \u00e9ves kutat\u00e1s el\u0151zte meg. Fontos volt sz\u00e1munkra, hogy a borvid\u00e9ken egy, a r\u00e9gi id\u0151kben m\u00e9lt\u00e1n h\u00edres term\u0151helyet \u00fajra visszahozzunk a k\u00f6ztudatba. Nem titkolt sz\u00e1nd\u00e9k, hogy a j\u00f6v\u0151ben e nagyon j\u00f3 adotts\u00e1gokkal b\u00edr\u00f3 ter\u00fcletekr\u0151l, kiemelked\u0151 min\u0151s\u00e9g\u0171 sz\u0151l\u0151b\u0151l, kiv\u00e1l\u00f3 borokat k\u00e9sz\u00edts\u00fcnk. Eddigi tapasztalataink alapj\u00e1n a Balatonbogl\u00e1ri borvid\u00e9k k\u0151r\u00f6shegyi r\u00e9sze kiv\u00e1l\u00f3 v\u00e1laszt\u00e1snak t\u0171nik. Az olaszrizling \u00e9s k\u00e9kfrankos sz\u0151l\u0151fajt\u00e1k min\u0151s\u00e9gben magasan hozz\u00e1k elv\u00e1r\u00e1sainkat.<\/p><\/blockquote>\t\t\t\t\t\t\t\t<\/div>\n\t\t\t\t<\/div>\n\t\t\t\t\t<\/div>\n\t\t<\/div>\n\t\t\t\t<div class=\"elementor-column elementor-col-50 elementor-top-column elementor-element elementor-element-a4aaa2a\" data-id=\"a4aaa2a\" data-element_type=\"column\">\n\t\t\t<div class=\"elementor-widget-wrap elementor-element-populated\">\n\t\t\t\t\t\t<div class=\"elementor-element elementor-element-6cca851 elementor-headline--style-blurred_letters elementor-widget elementor-widget-vamtam-animated-headline\" data-id=\"6cca851\" data-element_type=\"widget\" data-settings=\"{&quot;headline_style&quot;:&quot;blurred_letters&quot;,&quot;vamtam_text&quot;:&quot;Borvid\\u00e9k&quot;}\" data-widget_type=\"vamtam-animated-headline.default\">\n\t\t\t\t<div class=\"elementor-widget-container\">\n\t\t\t\t\t\t\t\t\t<h2 class=\"elementor-headline\">\n\t\t\t\t\t\t\t\t\t\t\t\t\t\t\t\t\t\t\t\t\t\t\t\t<span class=\"vamtam-word\">\t\t\t\t\t\t\t\t\t\t\t\t\t\t\t<span class=\"vamtam-letter blurred\" data-delay=\"0.3\">B<\/span>\n\t\t\t\t\t\t\t\t\t\t\t\t\t\t\t\t\t\t\t\t\t\t\t\t\t\t\t\t\t\t\t\t\t\t\t<span class=\"vamtam-letter\">o<\/span>\n\t\t\t\t\t\t\t\t\t\t\t\t\t\t\t\t\t\t\t\t\t\t\t\t\t\t\t\t\t\t\t\t\t\t\t<span class=\"vamtam-letter\">r<\/span>\n\t\t\t\t\t\t\t\t\t\t\t\t\t\t\t\t\t\t\t\t\t\t\t\t\t\t\t\t\t\t\t\t\t\t\t<span class=\"vamtam-letter\">v<\/span>\n\t\t\t\t\t\t\t\t\t\t\t\t\t\t\t\t\t\t\t\t\t\t\t\t\t\t\t\t\t\t\t\t\t\t\t<span class=\"vamtam-letter\">i<\/span>\n\t\t\t\t\t\t\t\t\t\t\t\t\t\t\t\t\t\t\t\t\t\t\t\t\t\t\t\t\t\t\t\t\t\t\t<span class=\"vamtam-letter\">d<\/span>\n\t\t\t\t\t\t\t\t\t\t\t\t\t\t\t\t\t\t\t\t\t\t\t\t\t\t\t\t\t\t\t\t\t\t\t<span class=\"vamtam-letter\">\u00e9<\/span>\n\t\t\t\t\t\t\t\t\t\t\t\t\t\t\t\t\t\t\t\t\t\t\t\t\t\t\t\t\t\t\t\t\t\t\t<span class=\"vamtam-letter\">k<\/span>\n\t\t\t\t\t\t\t\t\t\t\t\t\t\t\t\t\t\t\t<\/span>\t\t\t\t\t\t\t\t\t<\/h2>\n\t\t\t\t\t\t\t\t<\/div>\n\t\t\t\t<\/div>\n\t\t\t\t<div class=\"elementor-element elementor-element-86a0f0e elementor-pagination-type-fraction elementor-skin-carousel elementor-arrows-yes elementor-pagination-position-outside elementor-widget elementor-widget-media-carousel\" data-id=\"86a0f0e\" data-element_type=\"widget\" data-settings=\"{&quot;slides_per_view&quot;:&quot;1&quot;,&quot;pagination&quot;:&quot;fraction&quot;,&quot;slides_per_view_tablet&quot;:&quot;1&quot;,&quot;skin&quot;:&quot;carousel&quot;,&quot;effect&quot;:&quot;slide&quot;,&quot;show_arrows&quot;:&quot;yes&quot;,&quot;speed&quot;:500,&quot;loop&quot;:&quot;yes&quot;,&quot;space_between&quot;:{&quot;unit&quot;:&quot;px&quot;,&quot;size&quot;:10,&quot;sizes&quot;:[]},&quot;space_between_tablet&quot;:{&quot;unit&quot;:&quot;px&quot;,&quot;size&quot;:10,&quot;sizes&quot;:[]},&quot;space_between_mobile&quot;:{&quot;unit&quot;:&quot;px&quot;,&quot;size&quot;:10,&quot;sizes&quot;:[]}}\" data-widget_type=\"media-carousel.default\">\n\t\t\t\t<div class=\"elementor-widget-container\">\n\t\t\t\t\t\t\t\t\t<div class=\"elementor-swiper\">\n\t\t\t\t\t<div class=\"elementor-main-swiper swiper\" role=\"region\" aria-roledescription=\"carousel\" aria-label=\"Slides\">\n\t\t\t\t<div class=\"swiper-wrapper\">\n\t\t\t\t\t\t\t\t\t\t\t<div class=\"swiper-slide\" role=\"group\" aria-roledescription=\"slide\">\n\t\t\t\t\t\t\t<a href=\"https:\/\/kekajto.dev.appsters.me\/wp-content\/uploads\/2021\/05\/Borvidekek-es-duloink_aloldal_Borvidek_1.jpg\" data-elementor-open-lightbox=\"yes\" data-elementor-lightbox-slideshow=\"86a0f0e\" data-elementor-lightbox-title=\"Borvid\u00e9kek \u00e9s d\u0171l\u0151ink_aloldal_Borvid\u00e9k_1\" data-e-action-hash=\"#elementor-action%3Aaction%3Dlightbox%26settings%3DeyJpZCI6OTg5MzkyLCJ1cmwiOiJodHRwczpcL1wva2VrYWp0by5kZXYuYXBwc3RlcnMubWVcL3dwLWNvbnRlbnRcL3VwbG9hZHNcLzIwMjFcLzA1XC9Cb3J2aWRla2VrLWVzLWR1bG9pbmtfYWxvbGRhbF9Cb3J2aWRla18xLmpwZyIsInNsaWRlc2hvdyI6Ijg2YTBmMGUifQ%3D%3D\">\t\t<div class=\"elementor-carousel-image\" role=\"img\" aria-label=\"Borvid\u00e9kek \u00e9s d\u0171l\u0151ink_aloldal_Borvid\u00e9k_1\" style=\"background-image: url(&#039;https:\/\/kekajto.dev.appsters.me\/wp-content\/uploads\/2021\/05\/Borvidekek-es-duloink_aloldal_Borvidek_1.jpg&#039;)\">\n\n\t\t\t\n\t\t\t\t\t<\/div>\n\t\t\t\t\t<div class=\"elementor-carousel-image-overlay e-overlay-animation-fade\">\n\t\t\t\t<i class=\"fas fa-search-plus\"><\/i>\t\t\t<\/div>\n\t\t\t<\/a>\t\t\t\t\t\t<\/div>\n\t\t\t\t\t\t\t\t\t\t\t<div class=\"swiper-slide\" role=\"group\" aria-roledescription=\"slide\">\n\t\t\t\t\t\t\t<a href=\"https:\/\/kekajto.dev.appsters.me\/wp-content\/uploads\/2021\/05\/Borvidekek-es-duloink_aloldal_Borvidek_2.jpg\" data-elementor-open-lightbox=\"yes\" data-elementor-lightbox-slideshow=\"86a0f0e\" data-elementor-lightbox-title=\"Borvid\u00e9kek \u00e9s d\u0171l\u0151ink_aloldal_Borvid\u00e9k_2\" data-e-action-hash=\"#elementor-action%3Aaction%3Dlightbox%26settings%3DeyJpZCI6OTg5MzkzLCJ1cmwiOiJodHRwczpcL1wva2VrYWp0by5kZXYuYXBwc3RlcnMubWVcL3dwLWNvbnRlbnRcL3VwbG9hZHNcLzIwMjFcLzA1XC9Cb3J2aWRla2VrLWVzLWR1bG9pbmtfYWxvbGRhbF9Cb3J2aWRla18yLmpwZyIsInNsaWRlc2hvdyI6Ijg2YTBmMGUifQ%3D%3D\">\t\t<div class=\"elementor-carousel-image\" role=\"img\" aria-label=\"Borvid\u00e9kek \u00e9s d\u0171l\u0151ink_aloldal_Borvid\u00e9k_2\" style=\"background-image: url(&#039;https:\/\/kekajto.dev.appsters.me\/wp-content\/uploads\/2021\/05\/Borvidekek-es-duloink_aloldal_Borvidek_2.jpg&#039;)\">\n\n\t\t\t\n\t\t\t\t\t<\/div>\n\t\t\t\t\t<div class=\"elementor-carousel-image-overlay e-overlay-animation-fade\">\n\t\t\t\t<i class=\"fas fa-search-plus\"><\/i>\t\t\t<\/div>\n\t\t\t<\/a>\t\t\t\t\t\t<\/div>\n\t\t\t\t\t\t\t\t\t\t\t<div class=\"swiper-slide\" role=\"group\" aria-roledescription=\"slide\">\n\t\t\t\t\t\t\t\t\t<div class=\"elementor-carousel-image\" role=\"img\" aria-label=\"Borvid\u00e9kek \u00e9s d\u0171l\u0151ink_aloldal_Borvid\u00e9k_3\" style=\"background-image: url(&#039;https:\/\/kekajto.dev.appsters.me\/wp-content\/uploads\/2021\/05\/Borvidekek-es-duloink_aloldal_Borvidek_3.jpg&#039;)\">\n\n\t\t\t\n\t\t\t\t\t<\/div>\n\t\t\t\t\t<div class=\"elementor-carousel-image-overlay e-overlay-animation-fade\">\n\t\t\t\t<i class=\"fas fa-search-plus\"><\/i>\t\t\t<\/div>\n\t\t\t\t\t\t\t\t\t<\/div>\n\t\t\t\t\t\t\t\t\t<\/div>\n\t\t\t\t\t\t\t\t\t\t\t\t\t\t\t<div class=\"elementor-swiper-button elementor-swiper-button-prev\" role=\"button\" tabindex=\"0\" aria-label=\"Previous\">\n\t\t\t\t\t\t\t<i aria-hidden=\"true\" class=\"eicon-chevron-left\"><\/i>\t\t\t\t\t\t<\/div>\n\t\t\t\t\t\t<div class=\"elementor-swiper-button elementor-swiper-button-next\" role=\"button\" tabindex=\"0\" aria-label=\"Next\">\n\t\t\t\t\t\t\t<i aria-hidden=\"true\" class=\"eicon-chevron-right\"><\/i>\t\t\t\t\t\t<\/div>\n\t\t\t\t\t\t\t\t\t\t\t\t\t\t\t\t<div class=\"swiper-pagination\"><\/div>\n\t\t\t\t\t\t\t\t\t\t\t\t<\/div>\n\t\t\t\t<\/div>\n\t\t\t\t\t\t\t\t<\/div>\n\t\t\t\t<\/div>\n\t\t\t\t\t<\/div>\n\t\t<\/div>\n\t\t\t\t\t<\/div>\n\t\t<\/section>\n\t\t\t\t<section class=\"elementor-section elementor-top-section elementor-element elementor-element-240aa9b elementor-section-full_width elementor-reverse-mobile elementor-section-height-default elementor-section-height-default\" data-id=\"240aa9b\" data-element_type=\"section\">\n\t\t\t\t\t\t<div class=\"elementor-container elementor-column-gap-default\">\n\t\t\t\t\t<div class=\"elementor-column elementor-col-50 elementor-top-column elementor-element elementor-element-8d46473\" data-id=\"8d46473\" data-element_type=\"column\">\n\t\t\t<div class=\"elementor-widget-wrap elementor-element-populated\">\n\t\t\t\t\t\t<div class=\"elementor-element elementor-element-7d8095d elementor-widget elementor-widget-text-editor\" data-id=\"7d8095d\" data-element_type=\"widget\" data-widget_type=\"text-editor.default\">\n\t\t\t\t<div class=\"elementor-widget-container\">\n\t\t\t\t\t\t\t\t\t<p><strong>Borochegy:<\/strong> Ter\u00fcleteink nagy r\u00e9sze itt tal\u00e1lhat\u00f3. Jelenleg olaszrizling \u00e9s k\u00e9kfrankos terem. Folyamatos szerkezet\u00e1talak\u00edt\u00e1son megy \u00e1t, \u00edgy a k\u00f6zelj\u00f6v\u0151ben term\u00e9k palett\u00e1nk rajnai rizlinggel \u00e9s n\u00e9h\u00e1ny ezen a borvid\u00e9ken honos ritka sz\u0151l\u0151fajt\u00e1val gazdagodik.<\/p><p><br \/><strong>\u00d6reghegy:<\/strong> 2020-ban kapcsol\u00f3dott be a termel\u00e9sbe, ez\u00e1ltal 2021-ben beker\u00fcl a term\u00e9keink k\u00f6z\u00e9 a zweigelt \u00e9s a merlot sz\u0151l\u0151fajt\u00e1k. Olaszrizlinget ezen a ter\u00fcleten is m\u0171vel\u00fcnk.<\/p><p><br \/><strong>Pap \u00fatja:<\/strong> 2020-t\u00f3l a chardonnay sz\u0151l\u0151fajt\u00e1val kezdt\u00fcnk el foglalkozni ebben a d\u0171l\u0151ben. Az els\u0151 sz\u00fcret meger\u0151s\u00edtett minket abban, hogy nagy odafigyel\u00e9ssel, sok munk\u00e1val j\u00f3 min\u0151s\u00e9get tudunk el\u0151\u00e1ll\u00edtani.<\/p>\t\t\t\t\t\t\t\t<\/div>\n\t\t\t\t<\/div>\n\t\t\t\t\t<\/div>\n\t\t<\/div>\n\t\t\t\t<div class=\"elementor-column elementor-col-50 elementor-top-column elementor-element elementor-element-eb29a31\" data-id=\"eb29a31\" data-element_type=\"column\">\n\t\t\t<div class=\"elementor-widget-wrap elementor-element-populated\">\n\t\t\t\t\t\t<div class=\"elementor-element elementor-element-0d4dbd3 elementor-headline--style-blurred_letters elementor-widget elementor-widget-vamtam-animated-headline\" data-id=\"0d4dbd3\" data-element_type=\"widget\" data-settings=\"{&quot;headline_style&quot;:&quot;blurred_letters&quot;,&quot;vamtam_text&quot;:&quot;D\\u0171l\\u0151ink&quot;}\" data-widget_type=\"vamtam-animated-headline.default\">\n\t\t\t\t<div class=\"elementor-widget-container\">\n\t\t\t\t\t\t\t\t\t<h2 class=\"elementor-headline\">\n\t\t\t\t\t\t\t\t\t\t\t\t\t\t\t\t\t\t\t\t\t\t\t\t<span class=\"vamtam-word\">\t\t\t\t\t\t\t\t\t\t\t\t\t\t\t<span class=\"vamtam-letter blurred\" data-delay=\"0.3\">D<\/span>\n\t\t\t\t\t\t\t\t\t\t\t\t\t\t\t\t\t\t\t\t\t\t\t\t\t\t\t\t\t\t\t\t\t\t\t<span class=\"vamtam-letter\">\u0171<\/span>\n\t\t\t\t\t\t\t\t\t\t\t\t\t\t\t\t\t\t\t\t\t\t\t\t\t\t\t\t\t\t\t\t\t\t\t<span class=\"vamtam-letter\">l<\/span>\n\t\t\t\t\t\t\t\t\t\t\t\t\t\t\t\t\t\t\t\t\t\t\t\t\t\t\t\t\t\t\t\t\t\t\t<span class=\"vamtam-letter\">\u0151<\/span>\n\t\t\t\t\t\t\t\t\t\t\t\t\t\t\t\t\t\t\t\t\t\t\t\t\t\t\t\t\t\t\t\t\t\t\t<span class=\"vamtam-letter\">i<\/span>\n\t\t\t\t\t\t\t\t\t\t\t\t\t\t\t\t\t\t\t\t\t\t\t\t\t\t\t\t\t\t\t\t\t\t\t<span class=\"vamtam-letter\">n<\/span>\n\t\t\t\t\t\t\t\t\t\t\t\t\t\t\t\t\t\t\t\t\t\t\t\t\t\t\t\t\t\t\t\t\t\t\t<span class=\"vamtam-letter\">k<\/span>\n\t\t\t\t\t\t\t\t\t\t\t\t\t\t\t\t\t\t\t<\/span>\t\t\t\t\t\t\t\t\t<\/h2>\n\t\t\t\t\t\t\t\t<\/div>\n\t\t\t\t<\/div>\n\t\t\t\t<div class=\"elementor-element elementor-element-a9b04aa elementor-pagination-type-fraction elementor-skin-carousel elementor-arrows-yes elementor-pagination-position-outside elementor-widget elementor-widget-media-carousel\" data-id=\"a9b04aa\" data-element_type=\"widget\" data-settings=\"{&quot;slides_per_view&quot;:&quot;1&quot;,&quot;pagination&quot;:&quot;fraction&quot;,&quot;slides_per_view_tablet&quot;:&quot;1&quot;,&quot;skin&quot;:&quot;carousel&quot;,&quot;effect&quot;:&quot;slide&quot;,&quot;show_arrows&quot;:&quot;yes&quot;,&quot;speed&quot;:500,&quot;loop&quot;:&quot;yes&quot;,&quot;space_between&quot;:{&quot;unit&quot;:&quot;px&quot;,&quot;size&quot;:10,&quot;sizes&quot;:[]},&quot;space_between_tablet&quot;:{&quot;unit&quot;:&quot;px&quot;,&quot;size&quot;:10,&quot;sizes&quot;:[]},&quot;space_between_mobile&quot;:{&quot;unit&quot;:&quot;px&quot;,&quot;size&quot;:10,&quot;sizes&quot;:[]}}\" data-widget_type=\"media-carousel.default\">\n\t\t\t\t<div class=\"elementor-widget-container\">\n\t\t\t\t\t\t\t\t\t<div class=\"elementor-swiper\">\n\t\t\t\t\t<div class=\"elementor-main-swiper swiper\" role=\"region\" aria-roledescription=\"carousel\" aria-label=\"Slides\">\n\t\t\t\t<div class=\"swiper-wrapper\">\n\t\t\t\t\t\t\t\t\t\t\t<div class=\"swiper-slide\" role=\"group\" aria-roledescription=\"slide\">\n\t\t\t\t\t\t\t<a href=\"https:\/\/kekajto.dev.appsters.me\/wp-content\/uploads\/2021\/05\/Borvidekek-es-duloink_aloldal_Duloink_2.jpeg\" data-elementor-open-lightbox=\"yes\" data-elementor-lightbox-slideshow=\"a9b04aa\" data-elementor-lightbox-title=\"Borvid\u00e9kek \u00e9s d\u0171l\u0151ink_aloldal_D\u0171l\u0151ink_2\" data-e-action-hash=\"#elementor-action%3Aaction%3Dlightbox%26settings%3DeyJpZCI6OTg5Mzk2LCJ1cmwiOiJodHRwczpcL1wva2VrYWp0by5kZXYuYXBwc3RlcnMubWVcL3dwLWNvbnRlbnRcL3VwbG9hZHNcLzIwMjFcLzA1XC9Cb3J2aWRla2VrLWVzLWR1bG9pbmtfYWxvbGRhbF9EdWxvaW5rXzIuanBlZyIsInNsaWRlc2hvdyI6ImE5YjA0YWEifQ%3D%3D\">\t\t<div class=\"elementor-carousel-image\" role=\"img\" aria-label=\"Borvid\u00e9kek \u00e9s d\u0171l\u0151ink_aloldal_D\u0171l\u0151ink_2\" style=\"background-image: url(&#039;https:\/\/kekajto.dev.appsters.me\/wp-content\/uploads\/2021\/05\/Borvidekek-es-duloink_aloldal_Duloink_2.jpeg&#039;)\">\n\n\t\t\t\n\t\t\t\t\t<\/div>\n\t\t\t\t\t<div class=\"elementor-carousel-image-overlay e-overlay-animation-fade\">\n\t\t\t\t<i class=\"fas fa-search-plus\"><\/i>\t\t\t<\/div>\n\t\t\t<\/a>\t\t\t\t\t\t<\/div>\n\t\t\t\t\t\t\t\t\t\t\t<div class=\"swiper-slide\" role=\"group\" aria-roledescription=\"slide\">\n\t\t\t\t\t\t\t<a href=\"https:\/\/kekajto.dev.appsters.me\/wp-content\/uploads\/2021\/05\/Utkozben_aloldal_fokep.jpg\" data-elementor-open-lightbox=\"yes\" data-elementor-lightbox-slideshow=\"a9b04aa\" data-elementor-lightbox-title=\"\u00datk\u00f6zben_aloldal_f\u0151k\u00e9p\" data-e-action-hash=\"#elementor-action%3Aaction%3Dlightbox%26settings%3DeyJpZCI6OTg5NDIxLCJ1cmwiOiJodHRwczpcL1wva2VrYWp0by5kZXYuYXBwc3RlcnMubWVcL3dwLWNvbnRlbnRcL3VwbG9hZHNcLzIwMjFcLzA1XC9VdGtvemJlbl9hbG9sZGFsX2Zva2VwLmpwZyIsInNsaWRlc2hvdyI6ImE5YjA0YWEifQ%3D%3D\">\t\t<div class=\"elementor-carousel-image\" role=\"img\" aria-label=\"\u00datk\u00f6zben_aloldal_f\u0151k\u00e9p\" style=\"background-image: url(&#039;https:\/\/kekajto.dev.appsters.me\/wp-content\/uploads\/2021\/05\/Utkozben_aloldal_fokep.jpg&#039;)\">\n\n\t\t\t\n\t\t\t\t\t<\/div>\n\t\t\t\t\t<div class=\"elementor-carousel-image-overlay e-overlay-animation-fade\">\n\t\t\t\t<i class=\"fas fa-search-plus\"><\/i>\t\t\t<\/div>\n\t\t\t<\/a>\t\t\t\t\t\t<\/div>\n\t\t\t\t\t\t\t\t\t\t\t<div class=\"swiper-slide\" role=\"group\" aria-roledescription=\"slide\">\n\t\t\t\t\t\t\t<a href=\"https:\/\/kekajto.dev.appsters.me\/wp-content\/uploads\/2021\/07\/dulo2_wm-scaled.jpg\" data-elementor-open-lightbox=\"yes\" data-elementor-lightbox-slideshow=\"a9b04aa\" data-elementor-lightbox-title=\"dulo2_wm\" data-e-action-hash=\"#elementor-action%3Aaction%3Dlightbox%26settings%3DeyJpZCI6OTkxMTAzLCJ1cmwiOiJodHRwczpcL1wva2VrYWp0by5kZXYuYXBwc3RlcnMubWVcL3dwLWNvbnRlbnRcL3VwbG9hZHNcLzIwMjFcLzA3XC9kdWxvMl93bS1zY2FsZWQuanBnIiwic2xpZGVzaG93IjoiYTliMDRhYSJ9\">\t\t<div class=\"elementor-carousel-image\" role=\"img\" aria-label=\"dulo2_wm\" style=\"background-image: url(&#039;https:\/\/kekajto.dev.appsters.me\/wp-content\/uploads\/2021\/07\/dulo2_wm-scaled.jpg&#039;)\">\n\n\t\t\t\n\t\t\t\t\t<\/div>\n\t\t\t\t\t<div class=\"elementor-carousel-image-overlay e-overlay-animation-fade\">\n\t\t\t\t<i class=\"fas fa-search-plus\"><\/i>\t\t\t<\/div>\n\t\t\t<\/a>\t\t\t\t\t\t<\/div>\n\t\t\t\t\t\t\t\t\t<\/div>\n\t\t\t\t\t\t\t\t\t\t\t\t\t\t\t<div class=\"elementor-swiper-button elementor-swiper-button-prev\" role=\"button\" tabindex=\"0\" aria-label=\"Previous\">\n\t\t\t\t\t\t\t<i aria-hidden=\"true\" class=\"eicon-chevron-left\"><\/i>\t\t\t\t\t\t<\/div>\n\t\t\t\t\t\t<div class=\"elementor-swiper-button elementor-swiper-button-next\" role=\"button\" tabindex=\"0\" aria-label=\"Next\">\n\t\t\t\t\t\t\t<i aria-hidden=\"true\" class=\"eicon-chevron-right\"><\/i>\t\t\t\t\t\t<\/div>\n\t\t\t\t\t\t\t\t\t\t\t\t\t\t\t\t<div class=\"swiper-pagination\"><\/div>\n\t\t\t\t\t\t\t\t\t\t\t\t<\/div>\n\t\t\t\t<\/div>\n\t\t\t\t\t\t\t\t<\/div>\n\t\t\t\t<\/div>\n\t\t\t\t\t<\/div>\n\t\t<\/div>\n\t\t\t\t\t<\/div>\n\t\t<\/section>\n\t\t\t\t<\/div>","protected":false},"excerpt":{"rendered":"<p>V\u00c1S\u00c1RL\u00c1S B o r v i d \u00e9 k \u00e9 s d \u0171 l \u0151 i n k A Balaton d\u00e9li partj\u00e1n a Balatonbogl\u00e1ri borvid\u00e9ken tal\u00e1lhat\u00f3 a K\u00e9kajt\u00f3 Sz\u0151l\u0151birtok \u00e9s Bor\u00e1szat. Ter\u00fcleteink kiz\u00e1r\u00f3lag K\u0151r\u00f6shegyen helyezkednek el a V\u00f6lgyh\u00edd \u00f6lel\u00e9s\u00e9ben. Kiv\u00e1laszt\u00e1sukat t\u00f6bb \u00e9ves kutat\u00e1s el\u0151zte meg. Fontos volt sz\u00e1munkra, hogy a borvid\u00e9ken egy, a r\u00e9gi id\u0151kben&#8230;<\/p>","protected":false},"author":2,"featured_media":991484,"parent":0,"menu_order":0,"comment_status":"closed","ping_status":"closed","template":"","meta":{"_acf_changed":false,"footnotes":""},"class_list":["post-988977","page","type-page","status-publish","has-post-thumbnail","hentry"],"acf":[],"_links":{"self":[{"href":"https:\/\/kekajto.dev.appsters.me\/en\/wp-json\/wp\/v2\/pages\/988977","targetHints":{"allow":["GET"]}}],"collection":[{"href":"https:\/\/kekajto.dev.appsters.me\/en\/wp-json\/wp\/v2\/pages"}],"about":[{"href":"https:\/\/kekajto.dev.appsters.me\/en\/wp-json\/wp\/v2\/types\/page"}],"author":[{"embeddable":true,"href":"https:\/\/kekajto.dev.appsters.me\/en\/wp-json\/wp\/v2\/users\/2"}],"replies":[{"embeddable":true,"href":"https:\/\/kekajto.dev.appsters.me\/en\/wp-json\/wp\/v2\/comments?post=988977"}],"version-history":[{"count":168,"href":"https:\/\/kekajto.dev.appsters.me\/en\/wp-json\/wp\/v2\/pages\/988977\/revisions"}],"predecessor-version":[{"id":991670,"href":"https:\/\/kekajto.dev.appsters.me\/en\/wp-json\/wp\/v2\/pages\/988977\/revisions\/991670"}],"wp:featuredmedia":[{"embeddable":true,"href":"https:\/\/kekajto.dev.appsters.me\/en\/wp-json\/wp\/v2\/media\/991484"}],"wp:attachment":[{"href":"https:\/\/kekajto.dev.appsters.me\/en\/wp-json\/wp\/v2\/media?parent=988977"}],"curies":[{"name":"wp","href":"https:\/\/api.w.org\/{rel}","templated":true}]}}