{"id":988924,"date":"2021-04-08T08:09:50","date_gmt":"2021-04-08T08:09:50","guid":{"rendered":"https:\/\/kekajto.dev.appsters.me\/?page_id=988924"},"modified":"2021-09-06T14:47:02","modified_gmt":"2021-09-06T14:47:02","slug":"tortenetunk","status":"publish","type":"page","link":"https:\/\/kekajto.dev.appsters.me\/en\/tortenetunk\/","title":{"rendered":"T\u00f6rt\u00e9net\u00fcnk"},"content":{"rendered":"<div data-elementor-type=\"wp-page\" data-elementor-id=\"988924\" class=\"elementor elementor-988924\" data-elementor-post-type=\"page\">\n\t\t\t\t\t\t<section class=\"elementor-section elementor-top-section elementor-element elementor-element-06f4fe2 elementor-section-height-min-height elementor-section-content-middle elementor-section-full_width elementor-section-items-stretch elementor-section-height-default\" data-id=\"06f4fe2\" data-element_type=\"section\" data-settings=\"{&quot;background_background&quot;:&quot;classic&quot;}\">\n\t\t\t\t\t\t\t<div class=\"elementor-background-overlay\"><\/div>\n\t\t\t\t\t\t\t<div class=\"elementor-container elementor-column-gap-custom\">\n\t\t\t\t\t<div class=\"elementor-column elementor-col-100 elementor-top-column elementor-element elementor-element-47fafa4\" data-id=\"47fafa4\" data-element_type=\"column\">\n\t\t\t<div class=\"elementor-widget-wrap elementor-element-populated\">\n\t\t\t\t\t\t<section class=\"elementor-section elementor-inner-section elementor-element elementor-element-adea2c8 elementor-section-full_width elementor-section-height-min-height elementor-section-height-default\" data-id=\"adea2c8\" data-element_type=\"section\">\n\t\t\t\t\t\t<div class=\"elementor-container elementor-column-gap-custom\">\n\t\t\t\t\t<div class=\"elementor-column elementor-col-33 elementor-inner-column elementor-element elementor-element-f53de23 elementor-hidden-phone\" data-id=\"f53de23\" data-element_type=\"column\">\n\t\t\t<div class=\"elementor-widget-wrap\">\n\t\t\t\t\t\t\t<\/div>\n\t\t<\/div>\n\t\t\t\t<div class=\"elementor-column elementor-col-33 elementor-inner-column elementor-element elementor-element-e23d697\" data-id=\"e23d697\" data-element_type=\"column\">\n\t\t\t<div class=\"elementor-widget-wrap elementor-element-populated\">\n\t\t\t\t\t\t<div class=\"elementor-element elementor-element-b2d09b4 animated-slow elementor-widget elementor-widget-image\" data-id=\"b2d09b4\" data-element_type=\"widget\" id=\"kekajto-logo-gif\" data-settings=\"{&quot;_animation&quot;:&quot;none&quot;}\" data-widget_type=\"image.default\">\n\t\t\t\t<div class=\"elementor-widget-container\">\n\t\t\t\t\t\t\t\t\t<div class=\"elementor-image\">\n\t\t\t\t\t\t\t\t\t\t\t\t\t\t\t\t\t\t\t\t\t<img fetchpriority=\"high\" decoding=\"async\" width=\"706\" height=\"1128\" src=\"https:\/\/kekajto.dev.appsters.me\/wp-content\/uploads\/2021\/06\/logo_animacio_3_noon_loop.gif\" class=\"attachment-medium_large size-medium_large wp-image-989870\" alt=\"\" \/>\t\t\t\t\t\t\t\t\t\t\t\t\t\t\t\t\t\t\t\t\t\t\t\t<\/div>\n\t\t\t\t\t\t\t\t<\/div>\n\t\t\t\t<\/div>\n\t\t\t\t\t<\/div>\n\t\t<\/div>\n\t\t\t\t<div class=\"elementor-column elementor-col-33 elementor-inner-column elementor-element elementor-element-45a5402\" data-id=\"45a5402\" data-element_type=\"column\">\n\t\t\t<div class=\"elementor-widget-wrap elementor-element-populated\">\n\t\t\t\t\t\t<div class=\"elementor-element elementor-element-4a8e10f elementor-align-justify animated-slow rotate-shop elementor-widget__width-auto elementor-fixed elementor-invisible elementor-widget elementor-widget-button\" data-id=\"4a8e10f\" data-element_type=\"widget\" data-settings=\"{&quot;_animation&quot;:&quot;fadeInDown&quot;,&quot;_position&quot;:&quot;fixed&quot;}\" data-widget_type=\"button.default\">\n\t\t\t\t<div class=\"elementor-widget-container\">\n\t\t\t\t\t\t\t\t\t<div class=\"elementor-button-wrapper\">\n\t\t\t\t\t<a class=\"elementor-button elementor-button-link elementor-size-md\" href=\"\/en\/shop\/\">\n\t\t\t\t\t\t<span class=\"elementor-button-content-wrapper\">\n\t\t\t\t\t\t<span class=\"elementor-button-icon\">\n\t\t\t\t<i aria-hidden=\"true\" class=\"fas fa-angle-double-up\"><\/i>\t\t\t<\/span>\n\t\t\t\t\t\t\t\t\t<span class=\"elementor-button-text\">V\u00c1S\u00c1RL\u00c1S<\/span>\n\t\t\t\t\t<\/span>\n\t\t\t\t\t<\/a>\n\t\t\t\t<\/div>\n\t\t\t\t\t\t\t\t<\/div>\n\t\t\t\t<\/div>\n\t\t\t\t\t<\/div>\n\t\t<\/div>\n\t\t\t\t\t<\/div>\n\t\t<\/section>\n\t\t\t\t<section class=\"elementor-section elementor-inner-section elementor-element elementor-element-6463054 elementor-section-full_width elementor-section-height-min-height elementor-section-content-middle elementor-section-height-default\" data-id=\"6463054\" data-element_type=\"section\">\n\t\t\t\t\t\t<div class=\"elementor-container elementor-column-gap-default\">\n\t\t\t\t\t<div class=\"elementor-column elementor-col-100 elementor-inner-column elementor-element elementor-element-b078da5\" data-id=\"b078da5\" data-element_type=\"column\">\n\t\t\t<div class=\"elementor-widget-wrap elementor-element-populated\">\n\t\t\t\t\t\t<div class=\"elementor-element elementor-element-26fcede elementor-headline--style-blurred_letters elementor-widget elementor-widget-vamtam-animated-headline\" data-id=\"26fcede\" data-element_type=\"widget\" data-settings=\"{&quot;headline_style&quot;:&quot;blurred_letters&quot;,&quot;vamtam_text&quot;:&quot;T\\u00f6rt\\u00e9net\\u00fcnk&quot;}\" data-widget_type=\"vamtam-animated-headline.default\">\n\t\t\t\t<div class=\"elementor-widget-container\">\n\t\t\t\t\t\t\t\t\t<h2 class=\"elementor-headline\">\n\t\t\t\t\t\t\t\t\t\t\t\t\t\t\t\t\t\t\t\t\t\t\t\t<span class=\"vamtam-word\">\t\t\t\t\t\t\t\t\t\t\t\t\t\t\t<span class=\"vamtam-letter blurred\" data-delay=\"0\">T<\/span>\n\t\t\t\t\t\t\t\t\t\t\t\t\t\t\t\t\t\t\t\t\t\t\t\t\t\t\t\t\t\t\t\t\t\t\t<span class=\"vamtam-letter blurred\" data-delay=\"1\">\u00f6<\/span>\n\t\t\t\t\t\t\t\t\t\t\t\t\t\t\t\t\t\t\t\t\t\t\t\t\t\t\t\t\t\t\t\t\t\t\t<span class=\"vamtam-letter blurred\" data-delay=\"2\">r<\/span>\n\t\t\t\t\t\t\t\t\t\t\t\t\t\t\t\t\t\t\t\t\t\t\t\t\t\t\t\t\t\t\t\t\t\t\t<span class=\"vamtam-letter blurred\" data-delay=\"3\">t<\/span>\n\t\t\t\t\t\t\t\t\t\t\t\t\t\t\t\t\t\t\t\t\t\t\t\t\t\t\t\t\t\t\t\t\t\t\t<span class=\"vamtam-letter\">\u00e9<\/span>\n\t\t\t\t\t\t\t\t\t\t\t\t\t\t\t\t\t\t\t\t\t\t\t\t\t\t\t\t\t\t\t\t\t\t\t<span class=\"vamtam-letter\">n<\/span>\n\t\t\t\t\t\t\t\t\t\t\t\t\t\t\t\t\t\t\t\t\t\t\t\t\t\t\t\t\t\t\t\t\t\t\t<span class=\"vamtam-letter blurred\" data-delay=\"4\">e<\/span>\n\t\t\t\t\t\t\t\t\t\t\t\t\t\t\t\t\t\t\t\t\t\t\t\t\t\t\t\t\t\t\t\t\t\t\t<span class=\"vamtam-letter\">t<\/span>\n\t\t\t\t\t\t\t\t\t\t\t\t\t\t\t\t\t\t\t\t\t\t\t\t\t\t\t\t\t\t\t\t\t\t\t<span class=\"vamtam-letter\">\u00fc<\/span>\n\t\t\t\t\t\t\t\t\t\t\t\t\t\t\t\t\t\t\t\t\t\t\t\t\t\t\t\t\t\t\t\t\t\t\t<span class=\"vamtam-letter blurred\" data-delay=\"5\">n<\/span>\n\t\t\t\t\t\t\t\t\t\t\t\t\t\t\t\t\t\t\t\t\t\t\t\t\t\t\t\t\t\t\t\t\t\t\t<span class=\"vamtam-letter\">k<\/span>\n\t\t\t\t\t\t\t\t\t\t\t\t\t\t\t\t\t\t\t<\/span>\t\t\t\t\t\t\t\t\t<\/h2>\n\t\t\t\t\t\t\t\t<\/div>\n\t\t\t\t<\/div>\n\t\t\t\t\t<\/div>\n\t\t<\/div>\n\t\t\t\t\t<\/div>\n\t\t<\/section>\n\t\t\t\t<section class=\"elementor-section elementor-inner-section elementor-element elementor-element-d08258f elementor-section-full_width elementor-section-content-bottom elementor-section-height-default elementor-section-height-default\" data-id=\"d08258f\" data-element_type=\"section\">\n\t\t\t\t\t\t<div class=\"elementor-container elementor-column-gap-no\">\n\t\t\t\t\t<div class=\"elementor-column elementor-col-100 elementor-inner-column elementor-element elementor-element-244dd9c\" data-id=\"244dd9c\" data-element_type=\"column\">\n\t\t\t<div class=\"elementor-widget-wrap elementor-element-populated\">\n\t\t\t\t\t\t<div class=\"elementor-element elementor-element-a778382 elementor-widget elementor-widget-heading\" data-id=\"a778382\" data-element_type=\"widget\" data-widget_type=\"heading.default\">\n\t\t\t\t<div class=\"elementor-widget-container\">\n\t\t\t\t\t<h6 class=\"elementor-heading-title elementor-size-default\">@VinCE Magazin\/Hirling B\u00e1lint<\/h6>\t\t\t\t<\/div>\n\t\t\t\t<\/div>\n\t\t\t\t\t<\/div>\n\t\t<\/div>\n\t\t\t\t\t<\/div>\n\t\t<\/section>\n\t\t\t\t\t<\/div>\n\t\t<\/div>\n\t\t\t\t\t<\/div>\n\t\t<\/section>\n\t\t\t\t<section class=\"elementor-section elementor-top-section elementor-element elementor-element-5e31318 elementor-reverse-mobile elementor-section-full_width elementor-section-content-top elementor-section-height-default elementor-section-height-default\" data-id=\"5e31318\" data-element_type=\"section\">\n\t\t\t\t\t\t<div class=\"elementor-container elementor-column-gap-default\">\n\t\t\t\t\t<div class=\"elementor-column elementor-col-50 elementor-top-column elementor-element elementor-element-a80e71f\" data-id=\"a80e71f\" data-element_type=\"column\">\n\t\t\t<div class=\"elementor-widget-wrap elementor-element-populated\">\n\t\t\t\t\t\t<div class=\"elementor-element elementor-element-f440766 elementor-drop-cap-yes elementor-drop-cap-view-default elementor-widget elementor-widget-text-editor\" data-id=\"f440766\" data-element_type=\"widget\" data-settings=\"{&quot;drop_cap&quot;:&quot;yes&quot;}\" data-widget_type=\"text-editor.default\">\n\t\t\t\t<div class=\"elementor-widget-container\">\n\t\t\t\t\t\t\t\t\t<blockquote><p>A K\u00e9kajt\u00f3 Sz\u0151l\u0151birtok \u00e9s Bor\u00e1szat csal\u00e1di v\u00e1llalkoz\u00e1s, melyet egy hossz\u00fa pl\u00e1t\u00f3i szerelem h\u00edvott \u00e9letre: a bor ir\u00e1nti rajong\u00e1s \u00e9s a csoda, ami m\u00f6g\u00f6tte van. 20 \u00e9vnyi hazai \u00e9s nemzetk\u00f6zi k\u00f3stol\u00e1si tapasztalattal a h\u00e1tunk m\u00f6g\u00f6tt gondoltunk el\u0151sz\u00f6r komolyan arra, hogy tal\u00e1n mi is l\u00e9trehozhatjuk a saj\u00e1t \u201ecsod\u00e1nkat\u201d. Ebben az id\u0151szakban nem csak a borokra, hanem a m\u00f6g\u00f6tt\u00fcnk rejl\u0151 birtokra, munk\u00e1kra, folyamatokra is k\u00edv\u00e1ncsiak lett\u00fcnk. Csal\u00e1dunkban szinte \u00e9szrev\u00e9tlen\u00fcl mindenki r\u00e1hangol\u00f3dott a p\u00e1lyav\u00e1laszt\u00e1sra, \u00edgy a vend\u00e9gl\u00e1t\u00f3s szakm\u00e1b\u00f3l kil\u00e9pve kezdet\u00e9t vehette a mi boraink megsz\u00fclet\u00e9se.<\/p><\/blockquote>\t\t\t\t\t\t\t\t<\/div>\n\t\t\t\t<\/div>\n\t\t\t\t\t<\/div>\n\t\t<\/div>\n\t\t\t\t<div class=\"elementor-column elementor-col-50 elementor-top-column elementor-element elementor-element-a4aaa2a\" data-id=\"a4aaa2a\" data-element_type=\"column\">\n\t\t\t<div class=\"elementor-widget-wrap elementor-element-populated\">\n\t\t\t\t\t\t<div class=\"elementor-element elementor-element-6cca851 elementor-headline--style-blurred_letters elementor-widget elementor-widget-vamtam-animated-headline\" data-id=\"6cca851\" data-element_type=\"widget\" data-settings=\"{&quot;headline_style&quot;:&quot;blurred_letters&quot;,&quot;vamtam_text&quot;:&quot;Kezdetek&quot;}\" data-widget_type=\"vamtam-animated-headline.default\">\n\t\t\t\t<div class=\"elementor-widget-container\">\n\t\t\t\t\t\t\t\t\t<h2 class=\"elementor-headline\">\n\t\t\t\t\t\t\t\t\t\t\t\t\t\t\t\t\t\t\t\t\t\t\t\t<span class=\"vamtam-word\">\t\t\t\t\t\t\t\t\t\t\t\t\t\t\t<span class=\"vamtam-letter blurred\" data-delay=\"0.3\">K<\/span>\n\t\t\t\t\t\t\t\t\t\t\t\t\t\t\t\t\t\t\t\t\t\t\t\t\t\t\t\t\t\t\t\t\t\t\t<span class=\"vamtam-letter\">e<\/span>\n\t\t\t\t\t\t\t\t\t\t\t\t\t\t\t\t\t\t\t\t\t\t\t\t\t\t\t\t\t\t\t\t\t\t\t<span class=\"vamtam-letter\">z<\/span>\n\t\t\t\t\t\t\t\t\t\t\t\t\t\t\t\t\t\t\t\t\t\t\t\t\t\t\t\t\t\t\t\t\t\t\t<span class=\"vamtam-letter\">d<\/span>\n\t\t\t\t\t\t\t\t\t\t\t\t\t\t\t\t\t\t\t\t\t\t\t\t\t\t\t\t\t\t\t\t\t\t\t<span class=\"vamtam-letter\">e<\/span>\n\t\t\t\t\t\t\t\t\t\t\t\t\t\t\t\t\t\t\t\t\t\t\t\t\t\t\t\t\t\t\t\t\t\t\t<span class=\"vamtam-letter\">t<\/span>\n\t\t\t\t\t\t\t\t\t\t\t\t\t\t\t\t\t\t\t\t\t\t\t\t\t\t\t\t\t\t\t\t\t\t\t<span class=\"vamtam-letter\">e<\/span>\n\t\t\t\t\t\t\t\t\t\t\t\t\t\t\t\t\t\t\t\t\t\t\t\t\t\t\t\t\t\t\t\t\t\t\t<span class=\"vamtam-letter\">k<\/span>\n\t\t\t\t\t\t\t\t\t\t\t\t\t\t\t\t\t\t\t<\/span>\t\t\t\t\t\t\t\t\t<\/h2>\n\t\t\t\t\t\t\t\t<\/div>\n\t\t\t\t<\/div>\n\t\t\t\t<div class=\"elementor-element elementor-element-48abda8 elementor-widget elementor-widget-image\" data-id=\"48abda8\" data-element_type=\"widget\" data-settings=\"{&quot;_animation&quot;:&quot;none&quot;}\" data-widget_type=\"image.default\">\n\t\t\t\t<div class=\"elementor-widget-container\">\n\t\t\t\t\t\t\t\t\t<div class=\"elementor-image\">\n\t\t\t\t\t\t\t\t\t\t\t\t\t\t\t\t\t\t\t\t\t<img decoding=\"async\" width=\"1920\" height=\"2560\" src=\"https:\/\/kekajto.dev.appsters.me\/wp-content\/uploads\/2021\/05\/Tortenetunk_aloldal_Kezdetek-scaled.jpg\" class=\"attachment-full size-full wp-image-989387\" alt=\"\" srcset=\"https:\/\/kekajto.dev.appsters.me\/wp-content\/uploads\/2021\/05\/Tortenetunk_aloldal_Kezdetek-scaled.jpg 1920w, https:\/\/kekajto.dev.appsters.me\/wp-content\/uploads\/2021\/05\/Tortenetunk_aloldal_Kezdetek-scaled-224x299.jpg 224w, https:\/\/kekajto.dev.appsters.me\/wp-content\/uploads\/2021\/05\/Tortenetunk_aloldal_Kezdetek-scaled-300x400.jpg 300w, https:\/\/kekajto.dev.appsters.me\/wp-content\/uploads\/2021\/05\/Tortenetunk_aloldal_Kezdetek-scaled-560x747.jpg 560w, https:\/\/kekajto.dev.appsters.me\/wp-content\/uploads\/2021\/05\/Tortenetunk_aloldal_Kezdetek-scaled-225x300.jpg 225w, https:\/\/kekajto.dev.appsters.me\/wp-content\/uploads\/2021\/05\/Tortenetunk_aloldal_Kezdetek-scaled-768x1024.jpg 768w, https:\/\/kekajto.dev.appsters.me\/wp-content\/uploads\/2021\/05\/Tortenetunk_aloldal_Kezdetek-scaled-1152x1536.jpg 1152w, https:\/\/kekajto.dev.appsters.me\/wp-content\/uploads\/2021\/05\/Tortenetunk_aloldal_Kezdetek-scaled-1536x2048.jpg 1536w, https:\/\/kekajto.dev.appsters.me\/wp-content\/uploads\/2021\/05\/Tortenetunk_aloldal_Kezdetek-scaled-1120x1493.jpg 1120w, https:\/\/kekajto.dev.appsters.me\/wp-content\/uploads\/2021\/05\/Tortenetunk_aloldal_Kezdetek-scaled-373x497.jpg 373w, https:\/\/kekajto.dev.appsters.me\/wp-content\/uploads\/2021\/05\/Tortenetunk_aloldal_Kezdetek-scaled-746x995.jpg 746w, https:\/\/kekajto.dev.appsters.me\/wp-content\/uploads\/2021\/05\/Tortenetunk_aloldal_Kezdetek-scaled-280x373.jpg 280w\" sizes=\"(max-width: 1920px) 100vw, 1920px\" \/>\t\t\t\t\t\t\t\t\t\t\t\t\t\t\t\t\t\t\t\t\t\t\t\t<\/div>\n\t\t\t\t\t\t\t\t<\/div>\n\t\t\t\t<\/div>\n\t\t\t\t\t<\/div>\n\t\t<\/div>\n\t\t\t\t\t<\/div>\n\t\t<\/section>\n\t\t\t\t<section class=\"elementor-section elementor-top-section elementor-element elementor-element-240aa9b elementor-reverse-mobile elementor-section-full_width elementor-section-height-default elementor-section-height-default\" data-id=\"240aa9b\" data-element_type=\"section\">\n\t\t\t\t\t\t<div class=\"elementor-container elementor-column-gap-default\">\n\t\t\t\t\t<div class=\"elementor-column elementor-col-50 elementor-top-column elementor-element elementor-element-8d46473\" data-id=\"8d46473\" data-element_type=\"column\">\n\t\t\t<div class=\"elementor-widget-wrap elementor-element-populated\">\n\t\t\t\t\t\t<div class=\"elementor-element elementor-element-7d8095d elementor-drop-cap-yes elementor-drop-cap-view-default elementor-widget elementor-widget-text-editor\" data-id=\"7d8095d\" data-element_type=\"widget\" data-settings=\"{&quot;drop_cap&quot;:&quot;yes&quot;}\" data-widget_type=\"text-editor.default\">\n\t\t\t\t<div class=\"elementor-widget-container\">\n\t\t\t\t\t\t\t\t\t<blockquote><p>2015-ben alap\u00edtottuk a K\u00e9kajt\u00f3 Sz\u0151l\u0151birtok \u00e9s Bor\u00e1szatot, melyet az\u00f3ta folyamatosan \u00e9p\u00edtget\u00fcnk. Ma m\u00e1r k\u00f6zel 10 hekt\u00e1rnyi ter\u00fclettel rendelkez\u00fcnk K\u0151r\u00f6shegyen a Balaton d\u00e9li partj\u00e1n. Jelenleg \u00fcltetv\u00e9nyeink nagy r\u00e9sze szerkezet\u00e1talak\u00edt\u00e1son esik \u00e1t, \u00edgy 4 hekt\u00e1rr\u00f3l sz\u00fcretel\u00fcnk. Hossz\u00fa m\u00e9g az \u00fat, de sz\u00e1munkra sz\u00e9pnek \u00edg\u00e9rkezik. J\u00f3 energi\u00e1j\u00fa, csod\u00e1s ter\u00fcleteken gazd\u00e1lkodunk. A hit\u00fcnket, a munk\u00e1nkat, a tud\u00e1st \u00e9s a term\u00e9szet erej\u00e9t z\u00e1rjuk a boros palackjainkba\u2026 \u00e9s persze lesz benn\u00fck bor is, elk\u00e9pzel\u00e9s\u00fcnk szerint a legjobbakb\u00f3l.<\/p><\/blockquote>\t\t\t\t\t\t\t\t<\/div>\n\t\t\t\t<\/div>\n\t\t\t\t\t<\/div>\n\t\t<\/div>\n\t\t\t\t<div class=\"elementor-column elementor-col-50 elementor-top-column elementor-element elementor-element-eb29a31\" data-id=\"eb29a31\" data-element_type=\"column\">\n\t\t\t<div class=\"elementor-widget-wrap elementor-element-populated\">\n\t\t\t\t\t\t<div class=\"elementor-element elementor-element-0d4dbd3 elementor-headline--style-blurred_letters elementor-widget elementor-widget-vamtam-animated-headline\" data-id=\"0d4dbd3\" data-element_type=\"widget\" data-settings=\"{&quot;headline_style&quot;:&quot;blurred_letters&quot;,&quot;vamtam_text&quot;:&quot;Jelen\\u00fcnk&quot;}\" data-widget_type=\"vamtam-animated-headline.default\">\n\t\t\t\t<div class=\"elementor-widget-container\">\n\t\t\t\t\t\t\t\t\t<h2 class=\"elementor-headline\">\n\t\t\t\t\t\t\t\t\t\t\t\t\t\t\t\t\t\t\t\t\t\t\t\t<span class=\"vamtam-word\">\t\t\t\t\t\t\t\t\t\t\t\t\t\t\t<span class=\"vamtam-letter blurred\" data-delay=\"0.3\">J<\/span>\n\t\t\t\t\t\t\t\t\t\t\t\t\t\t\t\t\t\t\t\t\t\t\t\t\t\t\t\t\t\t\t\t\t\t\t<span class=\"vamtam-letter\">e<\/span>\n\t\t\t\t\t\t\t\t\t\t\t\t\t\t\t\t\t\t\t\t\t\t\t\t\t\t\t\t\t\t\t\t\t\t\t<span class=\"vamtam-letter\">l<\/span>\n\t\t\t\t\t\t\t\t\t\t\t\t\t\t\t\t\t\t\t\t\t\t\t\t\t\t\t\t\t\t\t\t\t\t\t<span class=\"vamtam-letter\">e<\/span>\n\t\t\t\t\t\t\t\t\t\t\t\t\t\t\t\t\t\t\t\t\t\t\t\t\t\t\t\t\t\t\t\t\t\t\t<span class=\"vamtam-letter\">n<\/span>\n\t\t\t\t\t\t\t\t\t\t\t\t\t\t\t\t\t\t\t\t\t\t\t\t\t\t\t\t\t\t\t\t\t\t\t<span class=\"vamtam-letter\">\u00fc<\/span>\n\t\t\t\t\t\t\t\t\t\t\t\t\t\t\t\t\t\t\t\t\t\t\t\t\t\t\t\t\t\t\t\t\t\t\t<span class=\"vamtam-letter\">n<\/span>\n\t\t\t\t\t\t\t\t\t\t\t\t\t\t\t\t\t\t\t\t\t\t\t\t\t\t\t\t\t\t\t\t\t\t\t<span class=\"vamtam-letter\">k<\/span>\n\t\t\t\t\t\t\t\t\t\t\t\t\t\t\t\t\t\t\t<\/span>\t\t\t\t\t\t\t\t\t<\/h2>\n\t\t\t\t\t\t\t\t<\/div>\n\t\t\t\t<\/div>\n\t\t\t\t<div class=\"elementor-element elementor-element-afcce2e elementor-pagination-type-fraction elementor-skin-carousel elementor-arrows-yes elementor-pagination-position-outside elementor-widget elementor-widget-media-carousel\" data-id=\"afcce2e\" data-element_type=\"widget\" data-settings=\"{&quot;slides_per_view&quot;:&quot;1&quot;,&quot;pagination&quot;:&quot;fraction&quot;,&quot;space_between&quot;:{&quot;unit&quot;:&quot;px&quot;,&quot;size&quot;:12,&quot;sizes&quot;:[]},&quot;slides_to_scroll&quot;:&quot;1&quot;,&quot;slides_per_view_tablet&quot;:&quot;1&quot;,&quot;slides_to_scroll_tablet&quot;:&quot;1&quot;,&quot;skin&quot;:&quot;carousel&quot;,&quot;effect&quot;:&quot;slide&quot;,&quot;show_arrows&quot;:&quot;yes&quot;,&quot;speed&quot;:500,&quot;loop&quot;:&quot;yes&quot;,&quot;space_between_tablet&quot;:{&quot;unit&quot;:&quot;px&quot;,&quot;size&quot;:10,&quot;sizes&quot;:[]},&quot;space_between_mobile&quot;:{&quot;unit&quot;:&quot;px&quot;,&quot;size&quot;:10,&quot;sizes&quot;:[]}}\" data-widget_type=\"media-carousel.default\">\n\t\t\t\t<div class=\"elementor-widget-container\">\n\t\t\t\t\t\t\t\t\t<div class=\"elementor-swiper\">\n\t\t\t\t\t<div class=\"elementor-main-swiper swiper\" role=\"region\" aria-roledescription=\"carousel\" aria-label=\"Slides\">\n\t\t\t\t<div class=\"swiper-wrapper\">\n\t\t\t\t\t\t\t\t\t\t\t<div class=\"swiper-slide\" role=\"group\" aria-roledescription=\"slide\">\n\t\t\t\t\t\t\t<a href=\"https:\/\/kekajto.dev.appsters.me\/wp-content\/uploads\/2021\/07\/boroshordo_wm-scaled.jpg\" data-elementor-open-lightbox=\"yes\" data-elementor-lightbox-slideshow=\"afcce2e\" data-elementor-lightbox-title=\"boroshordo_wm\" data-e-action-hash=\"#elementor-action%3Aaction%3Dlightbox%26settings%3DeyJpZCI6OTkxMTA1LCJ1cmwiOiJodHRwczpcL1wva2VrYWp0by5kZXYuYXBwc3RlcnMubWVcL3dwLWNvbnRlbnRcL3VwbG9hZHNcLzIwMjFcLzA3XC9ib3Jvc2hvcmRvX3dtLXNjYWxlZC5qcGciLCJzbGlkZXNob3ciOiJhZmNjZTJlIn0%3D\">\t\t<div class=\"elementor-carousel-image\" role=\"img\" aria-label=\"boroshordo_wm\" style=\"background-image: url(&#039;https:\/\/kekajto.dev.appsters.me\/wp-content\/uploads\/2021\/07\/boroshordo_wm-scaled.jpg&#039;)\">\n\n\t\t\t\n\t\t\t\t\t<\/div>\n\t\t\t\t\t<div class=\"elementor-carousel-image-overlay e-overlay-animation-fade\">\n\t\t\t\t<i class=\"fas fa-search-plus\"><\/i>\t\t\t<\/div>\n\t\t\t<\/a>\t\t\t\t\t\t<\/div>\n\t\t\t\t\t\t\t\t\t\t\t<div class=\"swiper-slide\" role=\"group\" aria-roledescription=\"slide\">\n\t\t\t\t\t\t\t<a href=\"https:\/\/kekajto.dev.appsters.me\/wp-content\/uploads\/2021\/07\/miki_borospohar_wm.jpg\" data-elementor-open-lightbox=\"yes\" data-elementor-lightbox-slideshow=\"afcce2e\" data-elementor-lightbox-title=\"miki_borospohar_wm\" data-e-action-hash=\"#elementor-action%3Aaction%3Dlightbox%26settings%3DeyJpZCI6OTkxMTAyLCJ1cmwiOiJodHRwczpcL1wva2VrYWp0by5kZXYuYXBwc3RlcnMubWVcL3dwLWNvbnRlbnRcL3VwbG9hZHNcLzIwMjFcLzA3XC9taWtpX2Jvcm9zcG9oYXJfd20uanBnIiwic2xpZGVzaG93IjoiYWZjY2UyZSJ9\">\t\t<div class=\"elementor-carousel-image\" role=\"img\" aria-label=\"miki_borospohar_wm\" style=\"background-image: url(&#039;https:\/\/kekajto.dev.appsters.me\/wp-content\/uploads\/2021\/07\/miki_borospohar_wm.jpg&#039;)\">\n\n\t\t\t\n\t\t\t\t\t<\/div>\n\t\t\t\t\t<div class=\"elementor-carousel-image-overlay e-overlay-animation-fade\">\n\t\t\t\t<i class=\"fas fa-search-plus\"><\/i>\t\t\t<\/div>\n\t\t\t<\/a>\t\t\t\t\t\t<\/div>\n\t\t\t\t\t\t\t\t\t<\/div>\n\t\t\t\t\t\t\t\t\t\t\t\t\t\t\t<div class=\"elementor-swiper-button elementor-swiper-button-prev\" role=\"button\" tabindex=\"0\" aria-label=\"Previous\">\n\t\t\t\t\t\t\t<i aria-hidden=\"true\" class=\"eicon-chevron-left\"><\/i>\t\t\t\t\t\t<\/div>\n\t\t\t\t\t\t<div class=\"elementor-swiper-button elementor-swiper-button-next\" role=\"button\" tabindex=\"0\" aria-label=\"Next\">\n\t\t\t\t\t\t\t<i aria-hidden=\"true\" class=\"eicon-chevron-right\"><\/i>\t\t\t\t\t\t<\/div>\n\t\t\t\t\t\t\t\t\t\t\t\t\t\t\t\t<div class=\"swiper-pagination\"><\/div>\n\t\t\t\t\t\t\t\t\t\t\t\t<\/div>\n\t\t\t\t<\/div>\n\t\t\t\t\t\t\t\t<\/div>\n\t\t\t\t<\/div>\n\t\t\t\t\t<\/div>\n\t\t<\/div>\n\t\t\t\t\t<\/div>\n\t\t<\/section>\n\t\t\t\t<\/div>","protected":false},"excerpt":{"rendered":"<p>V\u00c1S\u00c1RL\u00c1S T \u00f6 r t \u00e9 n e t \u00fc n k @VinCE Magazin\/Hirling B\u00e1lint A K\u00e9kajt\u00f3 Sz\u0151l\u0151birtok \u00e9s Bor\u00e1szat csal\u00e1di v\u00e1llalkoz\u00e1s, melyet egy hossz\u00fa pl\u00e1t\u00f3i szerelem h\u00edvott \u00e9letre: a bor ir\u00e1nti rajong\u00e1s \u00e9s a csoda, ami m\u00f6g\u00f6tte van. 20 \u00e9vnyi hazai \u00e9s nemzetk\u00f6zi k\u00f3stol\u00e1si tapasztalattal a h\u00e1tunk m\u00f6g\u00f6tt gondoltunk el\u0151sz\u00f6r komolyan arra, hogy tal\u00e1n&#8230;<\/p>","protected":false},"author":2,"featured_media":0,"parent":0,"menu_order":0,"comment_status":"closed","ping_status":"closed","template":"","meta":{"_acf_changed":false,"footnotes":""},"class_list":["post-988924","page","type-page","status-publish","hentry"],"acf":[],"_links":{"self":[{"href":"https:\/\/kekajto.dev.appsters.me\/en\/wp-json\/wp\/v2\/pages\/988924","targetHints":{"allow":["GET"]}}],"collection":[{"href":"https:\/\/kekajto.dev.appsters.me\/en\/wp-json\/wp\/v2\/pages"}],"about":[{"href":"https:\/\/kekajto.dev.appsters.me\/en\/wp-json\/wp\/v2\/types\/page"}],"author":[{"embeddable":true,"href":"https:\/\/kekajto.dev.appsters.me\/en\/wp-json\/wp\/v2\/users\/2"}],"replies":[{"embeddable":true,"href":"https:\/\/kekajto.dev.appsters.me\/en\/wp-json\/wp\/v2\/comments?post=988924"}],"version-history":[{"count":259,"href":"https:\/\/kekajto.dev.appsters.me\/en\/wp-json\/wp\/v2\/pages\/988924\/revisions"}],"predecessor-version":[{"id":991393,"href":"https:\/\/kekajto.dev.appsters.me\/en\/wp-json\/wp\/v2\/pages\/988924\/revisions\/991393"}],"wp:attachment":[{"href":"https:\/\/kekajto.dev.appsters.me\/en\/wp-json\/wp\/v2\/media?parent=988924"}],"curies":[{"name":"wp","href":"https:\/\/api.w.org\/{rel}","templated":true}]}}